{"id":7064,"date":"2025-01-17T21:32:46","date_gmt":"2025-01-17T21:32:46","guid":{"rendered":"https:\/\/firebrandcollective.org\/programa-de-evaluacion-del-riesgo-de-incendios-forestales-en-el-hogar\/"},"modified":"2026-03-19T20:41:30","modified_gmt":"2026-03-19T20:41:30","slug":"programa-de-evaluacion-del-riesgo-de-incendios-forestales-en-el-hogar","status":"publish","type":"page","link":"https:\/\/firebrandcollective.org\/es\/programa-de-evaluacion-del-riesgo-de-incendios-forestales-en-el-hogar\/","title":{"rendered":"Programa de Evaluaci\u00f3n del Riesgo de Incendios Forestales en el Hogar"},"content":{"rendered":"\t\t<div data-elementor-type=\"wp-page\" data-elementor-id=\"7064\" class=\"elementor elementor-7064 elementor-7059\" data-elementor-post-type=\"page\">\n\t\t\t\t<div class=\"elementor-element elementor-element-cc1576b e-flex e-con-boxed e-con e-parent\" data-id=\"cc1576b\" data-element_type=\"container\" data-e-type=\"container\" data-settings=\"{&quot;_ob_use_container_extras&quot;:&quot;no&quot;,&quot;_ob_column_hoveranimator&quot;:&quot;no&quot;,&quot;_ob_glider_is_slider&quot;:&quot;no&quot;,&quot;_ob_column_has_pseudo&quot;:&quot;no&quot;}\">\n\t\t\t\t\t<div class=\"e-con-inner\">\n\t\t<div class=\"elementor-element elementor-element-5396a18 e-con-full e-flex e-con e-child\" data-id=\"5396a18\" data-element_type=\"container\" data-e-type=\"container\" data-settings=\"{&quot;_ob_use_container_extras&quot;:&quot;no&quot;,&quot;_ob_column_hoveranimator&quot;:&quot;no&quot;,&quot;_ob_glider_is_slider&quot;:&quot;no&quot;,&quot;_ob_column_has_pseudo&quot;:&quot;no&quot;}\">\n\t\t\t\t<div class=\"elementor-element elementor-element-78b6b7a ob-harakiri-inherit ob-has-background-overlay elementor-widget elementor-widget-heading\" data-id=\"78b6b7a\" data-element_type=\"widget\" data-e-type=\"widget\" data-settings=\"{&quot;_ob_use_harakiri&quot;:&quot;yes&quot;,&quot;_ob_harakiri_writing_mode&quot;:&quot;inherit&quot;,&quot;_ob_harakiri_text_clip&quot;:&quot;none&quot;,&quot;_ob_widget_stalker_use&quot;:&quot;no&quot;,&quot;_ob_poopart_use&quot;:&quot;yes&quot;,&quot;_ob_shadough_use&quot;:&quot;no&quot;,&quot;_ob_allow_hoveranimator&quot;:&quot;no&quot;}\" data-widget_type=\"heading.default\">\n\t\t\t\t<div class=\"elementor-widget-container\">\n\t\t\t\t\t<h4 class=\"elementor-heading-title elementor-size-default\">Proteger los hogares, reforzar las comunidades<\/h4>\t\t\t\t<\/div>\n\t\t\t\t<\/div>\n\t\t\t\t<div class=\"elementor-element elementor-element-2da3e46 ob-harakiri-inherit ob-has-background-overlay elementor-widget elementor-widget-text-editor\" data-id=\"2da3e46\" data-element_type=\"widget\" data-e-type=\"widget\" data-settings=\"{&quot;_ob_use_harakiri&quot;:&quot;yes&quot;,&quot;_ob_harakiri_writing_mode&quot;:&quot;inherit&quot;,&quot;_ob_postman_use&quot;:&quot;no&quot;,&quot;_ob_widget_stalker_use&quot;:&quot;no&quot;,&quot;_ob_poopart_use&quot;:&quot;yes&quot;,&quot;_ob_shadough_use&quot;:&quot;no&quot;,&quot;_ob_allow_hoveranimator&quot;:&quot;no&quot;}\" data-widget_type=\"text-editor.default\">\n\t\t\t\t<div class=\"elementor-widget-container\">\n\t\t\t\t\t\t\t\t\t<p><span style=\"font-weight: 400;\">Los incendios forestales son un riesgo siempre presente en nuestra regi\u00f3n, pero hay medidas de probada eficacia que los propietarios pueden tomar para reducir su vulnerabilidad. Nuestra   <\/span><b>Evaluaciones de Riesgo de Incendios Forestales en el Hogar Ready NOW<\/b><span style=\"font-weight: 400;\"> ayuda a los propietarios de viviendas a identificar peligros, aplicar medidas de reducci\u00f3n de riesgos y aprovechar los incentivos disponibles para mitigar los incendios forestales.<\/span><\/p><p><span style=\"font-weight: 400;\">Actualmente ofrecemos evaluaciones <strong>gratuitas<\/strong> de viviendas en <strong>los condados de Jackson y Josephine<\/strong> para las familias <strong>con bajos ingresos<\/strong> y las que viven dentro de los l\u00edmites <strong>de la Interfaz Silvestre-Urbana<\/strong>. Las evaluaciones son de pago para quienes no entran en esas categor\u00edas. <\/span><\/p><p><em>Ten en cuenta<\/em> que <em>nuestras evaluaciones se centran en tu <strong>casa<\/strong> y en la zona que la rodea inmediatamente <strong>hasta 30 m<\/strong>. <span style=\"text-decoration: underline;\">No se trata de inspecciones de viviendas relacionadas con el seguro ni de evaluaciones de propiedades m\u00e1s grandes.<\/span><\/em><\/p>\t\t\t\t\t\t\t\t<\/div>\n\t\t\t\t<\/div>\n\t\t\t\t<\/div>\n\t\t<div class=\"elementor-element elementor-element-774fa88 e-con-full e-flex e-con e-child\" data-id=\"774fa88\" data-element_type=\"container\" data-e-type=\"container\" data-settings=\"{&quot;_ob_use_container_extras&quot;:&quot;no&quot;,&quot;_ob_column_hoveranimator&quot;:&quot;no&quot;,&quot;_ob_glider_is_slider&quot;:&quot;no&quot;,&quot;_ob_column_has_pseudo&quot;:&quot;no&quot;}\">\n\t\t\t\t<div class=\"elementor-element elementor-element-299baa0 ob-has-background-overlay elementor-widget elementor-widget-image\" data-id=\"299baa0\" data-element_type=\"widget\" data-e-type=\"widget\" data-settings=\"{&quot;_ob_photomorph_use&quot;:&quot;no&quot;,&quot;_ob_widget_stalker_use&quot;:&quot;no&quot;,&quot;_ob_poopart_use&quot;:&quot;yes&quot;,&quot;_ob_shadough_use&quot;:&quot;no&quot;,&quot;_ob_allow_hoveranimator&quot;:&quot;no&quot;}\" data-widget_type=\"image.default\">\n\t\t\t\t<div class=\"elementor-widget-container\">\n\t\t\t\t\t\t\t\t\t\t\t\t\t\t\t<img fetchpriority=\"high\" decoding=\"async\" width=\"800\" height=\"800\" src=\"https:\/\/firebrandcollective.org\/wp-content\/uploads\/2025\/12\/ASSESS-3-SQ-1024x1024.png\" class=\"attachment-large size-large wp-image-7438\" alt=\"\" srcset=\"https:\/\/firebrandcollective.org\/wp-content\/uploads\/2025\/12\/ASSESS-3-SQ-1024x1024.png 1024w, https:\/\/firebrandcollective.org\/wp-content\/uploads\/2025\/12\/ASSESS-3-SQ-300x300.png 300w, https:\/\/firebrandcollective.org\/wp-content\/uploads\/2025\/12\/ASSESS-3-SQ-150x150.png 150w, https:\/\/firebrandcollective.org\/wp-content\/uploads\/2025\/12\/ASSESS-3-SQ-768x768.png 768w, https:\/\/firebrandcollective.org\/wp-content\/uploads\/2025\/12\/ASSESS-3-SQ.png 1080w\" sizes=\"(max-width: 800px) 100vw, 800px\" \/>\t\t\t\t\t\t\t\t\t\t\t\t\t\t\t<\/div>\n\t\t\t\t<\/div>\n\t\t\t\t<\/div>\n\t\t\t\t\t<\/div>\n\t\t\t\t<\/div>\n\t\t<div class=\"elementor-element elementor-element-8457490 e-flex e-con-boxed e-con e-parent\" data-id=\"8457490\" data-element_type=\"container\" data-e-type=\"container\" data-settings=\"{&quot;_ob_use_container_extras&quot;:&quot;no&quot;,&quot;_ob_column_hoveranimator&quot;:&quot;no&quot;,&quot;_ob_glider_is_slider&quot;:&quot;no&quot;,&quot;_ob_column_has_pseudo&quot;:&quot;no&quot;}\">\n\t\t\t\t\t<div class=\"e-con-inner\">\n\t\t<div class=\"elementor-element elementor-element-3f2eadd e-con-full e-flex e-con e-child\" data-id=\"3f2eadd\" data-element_type=\"container\" data-e-type=\"container\" data-settings=\"{&quot;_ob_use_container_extras&quot;:&quot;no&quot;,&quot;_ob_column_hoveranimator&quot;:&quot;no&quot;,&quot;_ob_glider_is_slider&quot;:&quot;no&quot;,&quot;_ob_column_has_pseudo&quot;:&quot;no&quot;}\">\n\t\t\t\t<div class=\"elementor-element elementor-element-eb032ea ob-harakiri-inherit ob-has-background-overlay elementor-widget elementor-widget-heading\" data-id=\"eb032ea\" data-element_type=\"widget\" data-e-type=\"widget\" data-settings=\"{&quot;_ob_use_harakiri&quot;:&quot;yes&quot;,&quot;_ob_harakiri_writing_mode&quot;:&quot;inherit&quot;,&quot;_ob_harakiri_text_clip&quot;:&quot;none&quot;,&quot;_ob_widget_stalker_use&quot;:&quot;no&quot;,&quot;_ob_poopart_use&quot;:&quot;yes&quot;,&quot;_ob_shadough_use&quot;:&quot;no&quot;,&quot;_ob_allow_hoveranimator&quot;:&quot;no&quot;}\" data-widget_type=\"heading.default\">\n\t\t\t\t<div class=\"elementor-widget-container\">\n\t\t\t\t\t<h3 class=\"elementor-heading-title elementor-size-default\">\u00bfQu\u00e9 es una Evaluaci\u00f3n del Riesgo de Incendios Forestales en el Hogar?<\/h3>\t\t\t\t<\/div>\n\t\t\t\t<\/div>\n\t\t\t\t<div class=\"elementor-element elementor-element-9292bec ob-harakiri-inherit ob-has-background-overlay elementor-widget elementor-widget-text-editor\" data-id=\"9292bec\" data-element_type=\"widget\" data-e-type=\"widget\" data-settings=\"{&quot;_ob_use_harakiri&quot;:&quot;yes&quot;,&quot;_ob_harakiri_writing_mode&quot;:&quot;inherit&quot;,&quot;_ob_postman_use&quot;:&quot;no&quot;,&quot;_ob_widget_stalker_use&quot;:&quot;no&quot;,&quot;_ob_poopart_use&quot;:&quot;yes&quot;,&quot;_ob_shadough_use&quot;:&quot;no&quot;,&quot;_ob_allow_hoveranimator&quot;:&quot;no&quot;}\" data-widget_type=\"text-editor.default\">\n\t\t\t\t<div class=\"elementor-widget-container\">\n\t\t\t\t\t\t\t\t\t<p><span style=\"font-weight: 400;\">Una Evaluaci\u00f3n del Riesgo de Incendios Forestales en el Hogar es una evaluaci\u00f3n estructurada de la vulnerabilidad de una propiedad a los incendios forestales.  <strong>Las Evaluaciones empiezan por la estructura de la vivienda y van avanzando por zonas.<\/strong>  Nuestra Evaluaci\u00f3n tiene por objeto examinar:<\/span><\/p><ul><li><span style=\"font-weight: 400;\"><span style=\"text-decoration: underline;\">La estructura<\/span><\/span><\/li><li><span style=\"font-weight: 400;\"><span style=\"text-decoration: underline;\">La Zona Inmediata (0 &#8211; 5 Pies)<\/span><\/span><\/li><li><span style=\"font-weight: 400;\"><span style=\"text-decoration: underline;\">La Zona Intermedia (5 &#8211; 30 Pies)<\/span><\/span><\/li><li><span style=\"font-weight: 400;\"><span style=\"text-decoration: underline;\">La Zona Extendida (30 &#8211; 100 Pies)<\/span>.<\/span><\/li><\/ul><p><span style=\"font-weight: 400;\">Nuestros asesores formados examinan factores como<\/span><\/p><ul><li style=\"font-weight: 400;\" aria-level=\"1\"><span style=\"font-weight: 400;\">Materiales de construcci\u00f3n y componentes estructurales<\/span><\/li><li style=\"font-weight: 400;\" aria-level=\"1\"><span style=\"font-weight: 400;\">Vegetaci\u00f3n y paisajismo en las zonas de ignici\u00f3n de viviendas<\/span><\/li><li style=\"font-weight: 400;\" aria-level=\"1\"><span style=\"font-weight: 400;\">Presencia de materiales combustibles cerca de las estructuras<\/span><\/li><li style=\"font-weight: 400;\" aria-level=\"1\"><span style=\"font-weight: 400;\">Elementos resistentes a las brasas (respiraderos, cubiertas, canalones, etc.)<\/span><\/li><\/ul><p><span style=\"font-weight: 400;\">Tras la evaluaci\u00f3n, los propietarios reciben un informe personalizado en el que se describen estrategias de mitigaci\u00f3n para mejorar la resistencia de su vivienda a los incendios forestales.<\/span><\/p>\t\t\t\t\t\t\t\t<\/div>\n\t\t\t\t<\/div>\n\t\t\t\t<\/div>\n\t\t<div class=\"elementor-element elementor-element-4bf0dac e-con-full e-flex e-con e-child\" data-id=\"4bf0dac\" data-element_type=\"container\" data-e-type=\"container\" data-settings=\"{&quot;_ob_use_container_extras&quot;:&quot;no&quot;,&quot;_ob_column_hoveranimator&quot;:&quot;no&quot;,&quot;_ob_glider_is_slider&quot;:&quot;no&quot;,&quot;_ob_column_has_pseudo&quot;:&quot;no&quot;}\">\n\t\t\t\t<div class=\"elementor-element elementor-element-2d3b052 ob-harakiri-inherit ob-has-background-overlay elementor-widget elementor-widget-heading\" data-id=\"2d3b052\" data-element_type=\"widget\" data-e-type=\"widget\" data-settings=\"{&quot;_ob_use_harakiri&quot;:&quot;yes&quot;,&quot;_ob_harakiri_writing_mode&quot;:&quot;inherit&quot;,&quot;_ob_harakiri_text_clip&quot;:&quot;none&quot;,&quot;_ob_widget_stalker_use&quot;:&quot;no&quot;,&quot;_ob_poopart_use&quot;:&quot;yes&quot;,&quot;_ob_shadough_use&quot;:&quot;no&quot;,&quot;_ob_allow_hoveranimator&quot;:&quot;no&quot;}\" data-widget_type=\"heading.default\">\n\t\t\t\t<div class=\"elementor-widget-container\">\n\t\t\t\t\t<h3 class=\"elementor-heading-title elementor-size-default\">\u00a1Programa de incentivos de Firebrand!<\/h3>\t\t\t\t<\/div>\n\t\t\t\t<\/div>\n\t\t\t\t<div class=\"elementor-element elementor-element-3b2ca27 ob-harakiri-inherit ob-has-background-overlay elementor-widget elementor-widget-text-editor\" data-id=\"3b2ca27\" data-element_type=\"widget\" data-e-type=\"widget\" data-settings=\"{&quot;_ob_use_harakiri&quot;:&quot;yes&quot;,&quot;_ob_harakiri_writing_mode&quot;:&quot;inherit&quot;,&quot;_ob_postman_use&quot;:&quot;no&quot;,&quot;_ob_widget_stalker_use&quot;:&quot;no&quot;,&quot;_ob_poopart_use&quot;:&quot;yes&quot;,&quot;_ob_shadough_use&quot;:&quot;no&quot;,&quot;_ob_allow_hoveranimator&quot;:&quot;no&quot;}\" data-widget_type=\"text-editor.default\">\n\t\t\t\t<div class=\"elementor-widget-container\">\n\t\t\t\t\t\t\t\t\t<p><strong><em>Firebrand ofrece hasta 3 yardas de sustituci\u00f3n de mantillo de corteza por roca de r\u00edo o grava, y retroinstalaciones de rejilla de ventilaci\u00f3n de 1\/8&#8243; para los hogares que cumplan los requisitos.<\/em><\/strong><\/p>\t\t\t\t\t\t\t\t<\/div>\n\t\t\t\t<\/div>\n\t\t\t\t<div class=\"elementor-element elementor-element-2b50223 ob-harakiri-inherit ob-has-background-overlay elementor-widget elementor-widget-text-editor\" data-id=\"2b50223\" data-element_type=\"widget\" data-e-type=\"widget\" data-settings=\"{&quot;_ob_use_harakiri&quot;:&quot;yes&quot;,&quot;_ob_harakiri_writing_mode&quot;:&quot;inherit&quot;,&quot;_ob_postman_use&quot;:&quot;no&quot;,&quot;_ob_widget_stalker_use&quot;:&quot;no&quot;,&quot;_ob_poopart_use&quot;:&quot;yes&quot;,&quot;_ob_shadough_use&quot;:&quot;no&quot;,&quot;_ob_allow_hoveranimator&quot;:&quot;no&quot;}\" data-widget_type=\"text-editor.default\">\n\t\t\t\t<div class=\"elementor-widget-container\">\n\t\t\t\t\t\t\t\t\t<div><p>\u00bfSab\u00edas que <strong>el mantillo de corteza<\/strong> puede ser un importante peligro de incendio cerca de tu casa? A trav\u00e9s de nuestro Programa, los propietarios de viviendas que cumplan los requisitos pueden recibir ayuda para <strong>sustituir hasta tres yardas de mantillo de corteza inflamable<\/strong> por una cubierta del suelo m\u00e1s segura e incombustible, como grava o piedra.  <\/p><p>Las brasas pueden entrar en las casas a trav\u00e9s de <strong>los conductos de ventilaci\u00f3n<\/strong>, lo que hace que los \u00e1ticos y los espacios de acceso sean muy vulnerables durante un incendio forestal. Ofrecemos un Programa de <strong>Reequipamiento de Rejillas<\/strong> de Ventilaci\u00f3n <strong>de 1\/8&#8243;<\/strong> para ayudar a los propietarios de viviendas con bajos ingresos a instalar rejillas de ventilaci\u00f3n resistentes a las brasas, a\u00f1adiendo una capa de protecci\u00f3n fundamental.<\/p><\/div><p><strong>Los propietarios que tomen medidas proactivas basadas en la evaluaci\u00f3n de su vivienda pueden optar a estos incentivos.<\/strong><\/p><p><span style=\"font-weight: 400;\">Ponte en contacto con nosotros en <strong><a href=\"mailto:homeassessments@firebrandcollective.org\">homeassessments@firebrandcollective.org<\/a> <\/strong>para obtener m\u00e1s informaci\u00f3n.<\/span><\/p>\t\t\t\t\t\t\t\t<\/div>\n\t\t\t\t<\/div>\n\t\t\t\t<\/div>\n\t\t\t\t\t<\/div>\n\t\t\t\t<\/div>\n\t\t<div class=\"elementor-element elementor-element-ff720f1 e-flex e-con-boxed e-con e-parent\" data-id=\"ff720f1\" data-element_type=\"container\" data-e-type=\"container\" data-settings=\"{&quot;_ob_use_container_extras&quot;:&quot;no&quot;,&quot;_ob_column_hoveranimator&quot;:&quot;no&quot;,&quot;_ob_glider_is_slider&quot;:&quot;no&quot;,&quot;_ob_column_has_pseudo&quot;:&quot;no&quot;}\">\n\t\t\t\t\t<div class=\"e-con-inner\">\n\t\t<div class=\"elementor-element elementor-element-9de43aa e-con-full e-flex e-con e-child\" data-id=\"9de43aa\" data-element_type=\"container\" data-e-type=\"container\" data-settings=\"{&quot;_ob_use_container_extras&quot;:&quot;no&quot;,&quot;_ob_column_hoveranimator&quot;:&quot;no&quot;,&quot;_ob_glider_is_slider&quot;:&quot;no&quot;,&quot;_ob_column_has_pseudo&quot;:&quot;no&quot;}\">\n\t\t<div class=\"elementor-element elementor-element-b1c74a0 e-con-full e-flex e-con e-child\" data-id=\"b1c74a0\" data-element_type=\"container\" data-e-type=\"container\" data-settings=\"{&quot;_ob_use_container_extras&quot;:&quot;no&quot;,&quot;_ob_column_hoveranimator&quot;:&quot;no&quot;,&quot;_ob_glider_is_slider&quot;:&quot;no&quot;,&quot;_ob_column_has_pseudo&quot;:&quot;no&quot;}\">\n\t\t\t\t<div class=\"elementor-element elementor-element-5fff200 ob-harakiri-inherit ob-has-background-overlay elementor-widget elementor-widget-heading\" data-id=\"5fff200\" data-element_type=\"widget\" data-e-type=\"widget\" data-settings=\"{&quot;_ob_use_harakiri&quot;:&quot;yes&quot;,&quot;_ob_harakiri_writing_mode&quot;:&quot;inherit&quot;,&quot;_ob_harakiri_text_clip&quot;:&quot;none&quot;,&quot;_ob_widget_stalker_use&quot;:&quot;no&quot;,&quot;_ob_poopart_use&quot;:&quot;yes&quot;,&quot;_ob_shadough_use&quot;:&quot;no&quot;,&quot;_ob_allow_hoveranimator&quot;:&quot;no&quot;}\" data-widget_type=\"heading.default\">\n\t\t\t\t<div class=\"elementor-widget-container\">\n\t\t\t\t\t<h3 class=\"elementor-heading-title elementor-size-default\">Solicitar una evaluaci\u00f3n<\/h3>\t\t\t\t<\/div>\n\t\t\t\t<\/div>\n\t\t\t\t<\/div>\n\t\t\t\t<div class=\"elementor-element elementor-element-2ac182d ob-harakiri-inherit ob-has-background-overlay elementor-widget elementor-widget-text-editor\" data-id=\"2ac182d\" data-element_type=\"widget\" data-e-type=\"widget\" data-settings=\"{&quot;_ob_use_harakiri&quot;:&quot;yes&quot;,&quot;_ob_harakiri_writing_mode&quot;:&quot;inherit&quot;,&quot;_ob_postman_use&quot;:&quot;no&quot;,&quot;_ob_widget_stalker_use&quot;:&quot;no&quot;,&quot;_ob_poopart_use&quot;:&quot;yes&quot;,&quot;_ob_shadough_use&quot;:&quot;no&quot;,&quot;_ob_allow_hoveranimator&quot;:&quot;no&quot;}\" data-widget_type=\"text-editor.default\">\n\t\t\t\t<div class=\"elementor-widget-container\">\n\t\t\t\t\t\t\t\t\t<p>\u00bfQuieres que hagamos una evaluaci\u00f3n de tu casa? Rellena el siguiente formulario para comunic\u00e1rselo a nuestro equipo. <\/p><p>*Como<em>recordatorio, actualmente s\u00f3lo ofrecemos Evaluaciones en<\/em> <strong>los condados de Jackson y Josephine<\/strong> <em>, en<\/em> <strong>el sur de Oreg\u00f3n<\/strong>.<\/p>\t\t\t\t\t\t\t\t<\/div>\n\t\t\t\t<\/div>\n\t\t\t\t<div class=\"elementor-element elementor-element-22dbde1 elementor-widget__width-initial ob-has-background-overlay elementor-widget elementor-widget-html\" data-id=\"22dbde1\" data-element_type=\"widget\" data-e-type=\"widget\" data-settings=\"{&quot;_ob_widget_stalker_use&quot;:&quot;no&quot;,&quot;_ob_poopart_use&quot;:&quot;yes&quot;,&quot;_ob_shadough_use&quot;:&quot;no&quot;,&quot;_ob_allow_hoveranimator&quot;:&quot;no&quot;}\" data-widget_type=\"html.default\">\n\t\t\t\t<div class=\"elementor-widget-container\">\n\t\t\t\t\t<style>.embed-container {position: relative; height: 0; padding-bottom:80%; max-width: 100%;} .embed-container iframe, .embed-container object, .embed-container iframe{position: absolute; top: 0; left: 0; width: 100%; height: 100%;} small{position: absolute; z-index: 40; bottom: 0; margin-bottom: -15px;}<\/style><div class=\"embed-container\"><iframe name=\"survey123webform\" width=\"500\" height=\"400\" frameborder=\"0\" marginheight=\"0\" marginwidth=\"0\" title=\"Formulario de Inter\u00e9s para la Evaluaci\u00f3n Domiciliaria\" src=\"\/\/survey123.arcgis.com\/share\/a6962837e176475f909693a3e68e64f2\" allow=\"geolocation https:\/\/survey123.arcgis.com; camera https:\/\/survey123.arcgis.com\"><\/iframe><\/div><script>var survey123webform = document.getElementsByName('survey123webform')[0];window.addEventListener(\"message\",e=>{if(e.data){var t=JSON.parse(e.data);[\"survey123:webform:formLoaded\",\"survey123:onFormLoaded\"].includes(t.event)&&t.contentHeight&&(survey123webform.parentNode.style.height=t.contentHeight+\"px\")&&(survey123webform.parentNode.style[\"padding-bottom\"]=\"unset\")}});<\/script>\t\t\t\t<\/div>\n\t\t\t\t<\/div>\n\t\t\t\t<\/div>\n\t\t\t\t\t<\/div>\n\t\t\t\t<\/div>\n\t\t<div class=\"elementor-element elementor-element-0b4c4b0 e-flex e-con-boxed e-con e-parent\" data-id=\"0b4c4b0\" data-element_type=\"container\" data-e-type=\"container\" data-settings=\"{&quot;_ob_use_container_extras&quot;:&quot;no&quot;,&quot;_ob_column_hoveranimator&quot;:&quot;no&quot;,&quot;_ob_glider_is_slider&quot;:&quot;no&quot;,&quot;_ob_column_has_pseudo&quot;:&quot;no&quot;}\">\n\t\t\t\t\t<div class=\"e-con-inner\">\n\t\t\t\t<div class=\"elementor-element elementor-element-efd18cc ob-harakiri-inherit ob-has-background-overlay elementor-widget elementor-widget-heading\" data-id=\"efd18cc\" data-element_type=\"widget\" data-e-type=\"widget\" data-settings=\"{&quot;_ob_use_harakiri&quot;:&quot;yes&quot;,&quot;_ob_harakiri_writing_mode&quot;:&quot;inherit&quot;,&quot;_ob_harakiri_text_clip&quot;:&quot;none&quot;,&quot;_ob_widget_stalker_use&quot;:&quot;no&quot;,&quot;_ob_poopart_use&quot;:&quot;yes&quot;,&quot;_ob_shadough_use&quot;:&quot;no&quot;,&quot;_ob_allow_hoveranimator&quot;:&quot;no&quot;}\" data-widget_type=\"heading.default\">\n\t\t\t\t<div class=\"elementor-widget-container\">\n\t\t\t\t\t<h3 class=\"elementor-heading-title elementor-size-default\">Hazte Asesor<\/h3>\t\t\t\t<\/div>\n\t\t\t\t<\/div>\n\t\t\t\t<div class=\"elementor-element elementor-element-3594797 ob-harakiri-inherit ob-has-background-overlay elementor-widget elementor-widget-text-editor\" data-id=\"3594797\" data-element_type=\"widget\" data-e-type=\"widget\" data-settings=\"{&quot;_ob_use_harakiri&quot;:&quot;yes&quot;,&quot;_ob_harakiri_writing_mode&quot;:&quot;inherit&quot;,&quot;_ob_postman_use&quot;:&quot;no&quot;,&quot;_ob_widget_stalker_use&quot;:&quot;no&quot;,&quot;_ob_poopart_use&quot;:&quot;yes&quot;,&quot;_ob_shadough_use&quot;:&quot;no&quot;,&quot;_ob_allow_hoveranimator&quot;:&quot;no&quot;}\" data-widget_type=\"text-editor.default\">\n\t\t\t\t<div class=\"elementor-widget-container\">\n\t\t\t\t\t\t\t\t\t<p>\u00bfTe interesa ser asesor nuestro? M\u00e1s informaci\u00f3n sobre nuestro programa de Evaluaci\u00f3n del Riesgo de Incendios Forestales en el Hogar y lo que significa ser asesor <strong><a href=\"https:\/\/firebrandcollective.org\/es\/conviertete-en-evaluador-del-riesgo-de-incendios-forestales-en-el-hogar\/\">\u00a1aqu\u00ed!<\/a><\/strong> <\/p><p> <\/p>\t\t\t\t\t\t\t\t<\/div>\n\t\t\t\t<\/div>\n\t\t\t\t\t<\/div>\n\t\t\t\t<\/div>\n\t\t\t\t<\/div>\n\t\t","protected":false},"excerpt":{"rendered":"<p>Proteger los hogares, reforzar las comunidades Los incendios forestales son un riesgo siempre presente en nuestra regi\u00f3n, pero hay medidas de probada eficacia que los propietarios pueden tomar para reducir su vulnerabilidad. Nuestra Evaluaciones de Riesgo de Incendios Forestales en el Hogar Ready NOW ayuda a los propietarios de viviendas a identificar peligros, aplicar medidas [&hellip;]<\/p>\n","protected":false},"author":2,"featured_media":0,"parent":0,"menu_order":0,"comment_status":"closed","ping_status":"closed","template":"","meta":{"_acf_changed":false,"give_campaign_id":0,"footnotes":""},"class_list":["post-7064","page","type-page","status-publish","hentry"],"acf":[],"campaignId":"","_links":{"self":[{"href":"https:\/\/firebrandcollective.org\/es\/wp-json\/wp\/v2\/pages\/7064","targetHints":{"allow":["GET"]}}],"collection":[{"href":"https:\/\/firebrandcollective.org\/es\/wp-json\/wp\/v2\/pages"}],"about":[{"href":"https:\/\/firebrandcollective.org\/es\/wp-json\/wp\/v2\/types\/page"}],"author":[{"embeddable":true,"href":"https:\/\/firebrandcollective.org\/es\/wp-json\/wp\/v2\/users\/2"}],"replies":[{"embeddable":true,"href":"https:\/\/firebrandcollective.org\/es\/wp-json\/wp\/v2\/comments?post=7064"}],"version-history":[{"count":17,"href":"https:\/\/firebrandcollective.org\/es\/wp-json\/wp\/v2\/pages\/7064\/revisions"}],"predecessor-version":[{"id":7656,"href":"https:\/\/firebrandcollective.org\/es\/wp-json\/wp\/v2\/pages\/7064\/revisions\/7656"}],"wp:attachment":[{"href":"https:\/\/firebrandcollective.org\/es\/wp-json\/wp\/v2\/media?parent=7064"}],"curies":[{"name":"wp","href":"https:\/\/api.w.org\/{rel}","templated":true}]}}