{"id":6850,"date":"2024-11-25T21:53:47","date_gmt":"2024-11-25T21:53:47","guid":{"rendered":"https:\/\/firebrandcollective.org\/haz-un-donativo-para-financiar-la-resiliencia-comunitaria\/"},"modified":"2025-12-17T01:31:07","modified_gmt":"2025-12-17T01:31:07","slug":"haz-un-donativo-para-financiar-la-resiliencia-comunitaria","status":"publish","type":"page","link":"https:\/\/firebrandcollective.org\/es\/haz-un-donativo-para-financiar-la-resiliencia-comunitaria\/","title":{"rendered":"Tu donaci\u00f3n financia la resistencia a los incendios forestales"},"content":{"rendered":"\t\t<div data-elementor-type=\"wp-page\" data-elementor-id=\"6850\" class=\"elementor elementor-6850 elementor-6847\" data-elementor-post-type=\"page\">\n\t\t\t\t<div class=\"elementor-element elementor-element-f4b75b7 e-flex e-con-boxed e-con e-parent\" data-id=\"f4b75b7\" data-element_type=\"container\" data-e-type=\"container\" data-settings=\"{&quot;_ob_use_container_extras&quot;:&quot;no&quot;,&quot;_ob_column_hoveranimator&quot;:&quot;no&quot;,&quot;_ob_glider_is_slider&quot;:&quot;no&quot;,&quot;_ob_column_has_pseudo&quot;:&quot;no&quot;}\">\n\t\t\t\t\t<div class=\"e-con-inner\">\n\t\t<div class=\"elementor-element elementor-element-31c37f5 e-con-full e-flex e-con e-child\" data-id=\"31c37f5\" data-element_type=\"container\" data-e-type=\"container\" data-settings=\"{&quot;_ob_use_container_extras&quot;:&quot;no&quot;,&quot;_ob_column_hoveranimator&quot;:&quot;no&quot;,&quot;_ob_glider_is_slider&quot;:&quot;no&quot;,&quot;_ob_column_has_pseudo&quot;:&quot;no&quot;}\">\n\t\t\t\t<div class=\"elementor-element elementor-element-6e33622 ob-has-background-overlay elementor-widget elementor-widget-image\" data-id=\"6e33622\" data-element_type=\"widget\" data-e-type=\"widget\" data-settings=\"{&quot;_ob_photomorph_use&quot;:&quot;no&quot;,&quot;_ob_widget_stalker_use&quot;:&quot;no&quot;,&quot;_ob_poopart_use&quot;:&quot;yes&quot;,&quot;_ob_shadough_use&quot;:&quot;no&quot;,&quot;_ob_allow_hoveranimator&quot;:&quot;no&quot;}\" data-widget_type=\"image.default\">\n\t\t\t\t<div class=\"elementor-widget-container\">\n\t\t\t\t\t\t\t\t\t\t\t\t\t\t\t<img fetchpriority=\"high\" decoding=\"async\" width=\"396\" height=\"1024\" src=\"https:\/\/firebrandcollective.org\/wp-content\/uploads\/2025\/12\/EOY-Flyer-1-396x1024.png\" class=\"attachment-large size-large wp-image-7434\" alt=\"\" srcset=\"https:\/\/firebrandcollective.org\/wp-content\/uploads\/2025\/12\/EOY-Flyer-1-396x1024.png 396w, https:\/\/firebrandcollective.org\/wp-content\/uploads\/2025\/12\/EOY-Flyer-1-116x300.png 116w, https:\/\/firebrandcollective.org\/wp-content\/uploads\/2025\/12\/EOY-Flyer-1-768x1987.png 768w, https:\/\/firebrandcollective.org\/wp-content\/uploads\/2025\/12\/EOY-Flyer-1-594x1536.png 594w, https:\/\/firebrandcollective.org\/wp-content\/uploads\/2025\/12\/EOY-Flyer-1.png 773w\" sizes=\"(max-width: 396px) 100vw, 396px\" \/>\t\t\t\t\t\t\t\t\t\t\t\t\t\t\t<\/div>\n\t\t\t\t<\/div>\n\t\t\t\t<div class=\"elementor-element elementor-element-f51fc30 ob-has-background-overlay elementor-widget elementor-widget-image\" data-id=\"f51fc30\" data-element_type=\"widget\" data-e-type=\"widget\" data-settings=\"{&quot;_ob_photomorph_use&quot;:&quot;no&quot;,&quot;_ob_widget_stalker_use&quot;:&quot;no&quot;,&quot;_ob_poopart_use&quot;:&quot;yes&quot;,&quot;_ob_shadough_use&quot;:&quot;no&quot;,&quot;_ob_allow_hoveranimator&quot;:&quot;no&quot;}\" data-widget_type=\"image.default\">\n\t\t\t\t<div class=\"elementor-widget-container\">\n\t\t\t\t\t\t\t\t\t\t\t\t\t\t\t<img decoding=\"async\" width=\"396\" height=\"1024\" src=\"https:\/\/firebrandcollective.org\/wp-content\/uploads\/2025\/12\/EOY-Flyer-2-396x1024.png\" class=\"attachment-large size-large wp-image-7436\" alt=\"\" srcset=\"https:\/\/firebrandcollective.org\/wp-content\/uploads\/2025\/12\/EOY-Flyer-2-396x1024.png 396w, https:\/\/firebrandcollective.org\/wp-content\/uploads\/2025\/12\/EOY-Flyer-2-116x300.png 116w, https:\/\/firebrandcollective.org\/wp-content\/uploads\/2025\/12\/EOY-Flyer-2-768x1987.png 768w, https:\/\/firebrandcollective.org\/wp-content\/uploads\/2025\/12\/EOY-Flyer-2-594x1536.png 594w, https:\/\/firebrandcollective.org\/wp-content\/uploads\/2025\/12\/EOY-Flyer-2.png 773w\" sizes=\"(max-width: 396px) 100vw, 396px\" \/>\t\t\t\t\t\t\t\t\t\t\t\t\t\t\t<\/div>\n\t\t\t\t<\/div>\n\t\t\t\t<\/div>\n\t\t<div class=\"elementor-element elementor-element-e7cdbd5 e-con-full e-flex e-con e-child\" data-id=\"e7cdbd5\" data-element_type=\"container\" data-e-type=\"container\" data-settings=\"{&quot;_ob_use_container_extras&quot;:&quot;no&quot;,&quot;_ob_column_hoveranimator&quot;:&quot;no&quot;,&quot;_ob_glider_is_slider&quot;:&quot;no&quot;,&quot;_ob_column_has_pseudo&quot;:&quot;no&quot;}\">\n\t\t<div class=\"elementor-element elementor-element-65ee996 e-con-full e-flex e-con e-child\" data-id=\"65ee996\" data-element_type=\"container\" data-e-type=\"container\" data-settings=\"{&quot;background_background&quot;:&quot;classic&quot;,&quot;_ob_use_container_extras&quot;:&quot;no&quot;,&quot;_ob_column_hoveranimator&quot;:&quot;no&quot;,&quot;_ob_glider_is_slider&quot;:&quot;no&quot;,&quot;_ob_column_has_pseudo&quot;:&quot;no&quot;}\">\n\t\t\t\t<div class=\"elementor-element elementor-element-4a7d49a ob-harakiri-inherit ob-has-background-overlay elementor-widget elementor-widget-text-editor\" data-id=\"4a7d49a\" data-element_type=\"widget\" data-e-type=\"widget\" data-settings=\"{&quot;_ob_use_harakiri&quot;:&quot;yes&quot;,&quot;_ob_harakiri_writing_mode&quot;:&quot;inherit&quot;,&quot;_ob_postman_use&quot;:&quot;no&quot;,&quot;_ob_widget_stalker_use&quot;:&quot;no&quot;,&quot;_ob_poopart_use&quot;:&quot;yes&quot;,&quot;_ob_shadough_use&quot;:&quot;no&quot;,&quot;_ob_allow_hoveranimator&quot;:&quot;no&quot;}\" data-widget_type=\"text-editor.default\">\n\t\t\t\t<div class=\"elementor-widget-container\">\n\t\t\t\t\t\t\t\t\t<p><strong>NOTA IMPORTANTE:<\/strong><\/p>\t\t\t\t\t\t\t\t<\/div>\n\t\t\t\t<\/div>\n\t\t\t\t<div class=\"elementor-element elementor-element-63d0590 ob-harakiri-inherit ob-has-background-overlay elementor-widget elementor-widget-text-editor\" data-id=\"63d0590\" data-element_type=\"widget\" data-e-type=\"widget\" data-settings=\"{&quot;_ob_use_harakiri&quot;:&quot;yes&quot;,&quot;_ob_harakiri_writing_mode&quot;:&quot;inherit&quot;,&quot;_ob_postman_use&quot;:&quot;no&quot;,&quot;_ob_widget_stalker_use&quot;:&quot;no&quot;,&quot;_ob_poopart_use&quot;:&quot;yes&quot;,&quot;_ob_shadough_use&quot;:&quot;no&quot;,&quot;_ob_allow_hoveranimator&quot;:&quot;no&quot;}\" data-widget_type=\"text-editor.default\">\n\t\t\t\t<div class=\"elementor-widget-container\">\n\t\t\t\t\t\t\t\t\t<p><strong>NO<\/strong> tienes que donar m\u00e1s a Zeffy. Tras elegir el importe de tu donaci\u00f3n, el formulario a\u00f1ade por defecto una propina del 17% para <em>apoyar a Zeffy<\/em>. Para eliminarlo, simplemente selecciona el desplegable, elige \u00abOtro\u00bb e introduce 0$.<\/p>\t\t\t\t\t\t\t\t<\/div>\n\t\t\t\t<\/div>\n\t\t\t\t<\/div>\n\t\t\t\t<div class=\"elementor-element elementor-element-dfce162 ob-has-background-overlay elementor-widget elementor-widget-html\" data-id=\"dfce162\" data-element_type=\"widget\" data-e-type=\"widget\" data-settings=\"{&quot;_ob_widget_stalker_use&quot;:&quot;no&quot;,&quot;_ob_poopart_use&quot;:&quot;yes&quot;,&quot;_ob_shadough_use&quot;:&quot;no&quot;,&quot;_ob_allow_hoveranimator&quot;:&quot;no&quot;}\" data-widget_type=\"html.default\">\n\t\t\t\t<div class=\"elementor-widget-container\">\n\t\t\t\t\t<div style=\"position:relative;overflow:hidden;height:1200px;width:100%;\"><iframe title=\"Formulario de donaci\u00f3n desarrollado por Zeffy\" style=\"position: absolute; border: 0; top:0;left:0;bottom:0;right:0;width:100%;height:100%\" src=\"https:\/\/www.zeffy.com\/embed\/donation-form\/donate-to-make-a-difference-6241\" allowpaymentrequest=\"\" allowtransparency=\"true\"><\/iframe><\/div>\t\t\t\t<\/div>\n\t\t\t\t<\/div>\n\t\t<div class=\"elementor-element elementor-element-4ed623c e-con-full e-flex e-con e-child\" data-id=\"4ed623c\" data-element_type=\"container\" data-e-type=\"container\" data-settings=\"{&quot;background_background&quot;:&quot;classic&quot;,&quot;_ob_use_container_extras&quot;:&quot;no&quot;,&quot;_ob_column_hoveranimator&quot;:&quot;no&quot;,&quot;_ob_glider_is_slider&quot;:&quot;no&quot;,&quot;_ob_column_has_pseudo&quot;:&quot;no&quot;}\">\n\t\t\t\t<div class=\"elementor-element elementor-element-55dd1da ob-harakiri-inherit ob-has-background-overlay elementor-widget elementor-widget-text-editor\" data-id=\"55dd1da\" data-element_type=\"widget\" data-e-type=\"widget\" data-settings=\"{&quot;_ob_use_harakiri&quot;:&quot;yes&quot;,&quot;_ob_harakiri_writing_mode&quot;:&quot;inherit&quot;,&quot;_ob_postman_use&quot;:&quot;no&quot;,&quot;_ob_widget_stalker_use&quot;:&quot;no&quot;,&quot;_ob_poopart_use&quot;:&quot;yes&quot;,&quot;_ob_shadough_use&quot;:&quot;no&quot;,&quot;_ob_allow_hoveranimator&quot;:&quot;no&quot;}\" data-widget_type=\"text-editor.default\">\n\t\t\t\t<div class=\"elementor-widget-container\">\n\t\t\t\t\t\t\t\t\t<p>En Firebrand, sabemos que la resiliencia de la comunidad es una calle de doble sentido: dependemos de tu generosidad para hacer este trabajo y, a cambio, cada donaci\u00f3n nos permite seguir apareciendo por nuestra comunidad de formas significativas. Juntos, estamos dando pasos incre\u00edbles hacia la resiliencia frente a los incendios forestales dirigida por la comunidad, y por ello, \u00a1queremos daros <strong>las gracias!<\/strong><\/p><p>Con tu apoyo, hemos logrado profundos impactos. Por nombrar s\u00f3lo algunos:<\/p><ul><li><strong>Hemos organizado m\u00e1s de 6.700 conversaciones de apoyo con supervivientes de incendios forestales<\/strong><\/li><\/ul><div><b> <\/b><\/div><ul><li><strong>Ayudamos a m\u00e1s de 500 personas a acceder a financiaci\u00f3n para reconstruir sus viviendas<\/strong><\/li><\/ul><div><b> <\/b><\/div><ul><li><strong>FRC est\u00e1 apoyando actualmente a 800 hogares en su camino hacia la resiliencia ante los incendios forestales, \u00a1y cada d\u00eda son m\u00e1s!<\/strong><\/li><\/ul><div><b> <\/b><\/div><p>\u00a1Gracias por ayudarnos a seguir teniendo un impacto en nuestra comunidad!<\/p>\t\t\t\t\t\t\t\t<\/div>\n\t\t\t\t<\/div>\n\t\t\t\t<\/div>\n\t\t\t\t<\/div>\n\t\t\t\t\t<\/div>\n\t\t\t\t<\/div>\n\t\t<div class=\"elementor-element elementor-element-3b5d3ee e-grid e-con-boxed e-con e-parent\" data-id=\"3b5d3ee\" data-element_type=\"container\" data-e-type=\"container\" data-settings=\"{&quot;_ob_use_container_extras&quot;:&quot;no&quot;,&quot;_ob_column_hoveranimator&quot;:&quot;no&quot;,&quot;_ob_glider_is_slider&quot;:&quot;no&quot;,&quot;_ob_column_has_pseudo&quot;:&quot;no&quot;}\">\n\t\t\t\t\t<div class=\"e-con-inner\">\n\t\t\t\t<div class=\"elementor-element elementor-element-62662b4 ob-has-background-overlay elementor-widget elementor-widget-image\" data-id=\"62662b4\" data-element_type=\"widget\" data-e-type=\"widget\" data-settings=\"{&quot;_ob_photomorph_use&quot;:&quot;no&quot;,&quot;_ob_widget_stalker_use&quot;:&quot;no&quot;,&quot;_ob_poopart_use&quot;:&quot;yes&quot;,&quot;_ob_shadough_use&quot;:&quot;no&quot;,&quot;_ob_allow_hoveranimator&quot;:&quot;no&quot;}\" data-widget_type=\"image.default\">\n\t\t\t\t<div class=\"elementor-widget-container\">\n\t\t\t\t\t\t\t\t\t\t\t\t\t\t\t<img decoding=\"async\" width=\"800\" height=\"800\" src=\"https:\/\/firebrandcollective.org\/wp-content\/uploads\/2024\/11\/Home-Assessment-Training.png\" class=\"attachment-large size-large wp-image-6869\" alt=\"\" srcset=\"https:\/\/firebrandcollective.org\/wp-content\/uploads\/2024\/11\/Home-Assessment-Training.png 800w, https:\/\/firebrandcollective.org\/wp-content\/uploads\/2024\/11\/Home-Assessment-Training-300x300.png 300w, https:\/\/firebrandcollective.org\/wp-content\/uploads\/2024\/11\/Home-Assessment-Training-150x150.png 150w, https:\/\/firebrandcollective.org\/wp-content\/uploads\/2024\/11\/Home-Assessment-Training-768x768.png 768w\" sizes=\"(max-width: 800px) 100vw, 800px\" \/>\t\t\t\t\t\t\t\t\t\t\t\t\t\t\t<\/div>\n\t\t\t\t<\/div>\n\t\t\t\t<div class=\"elementor-element elementor-element-d957d81 ob-has-background-overlay elementor-widget elementor-widget-image\" data-id=\"d957d81\" data-element_type=\"widget\" data-e-type=\"widget\" data-settings=\"{&quot;_ob_photomorph_use&quot;:&quot;no&quot;,&quot;_ob_widget_stalker_use&quot;:&quot;no&quot;,&quot;_ob_poopart_use&quot;:&quot;yes&quot;,&quot;_ob_shadough_use&quot;:&quot;no&quot;,&quot;_ob_allow_hoveranimator&quot;:&quot;no&quot;}\" data-widget_type=\"image.default\">\n\t\t\t\t<div class=\"elementor-widget-container\">\n\t\t\t\t\t\t\t\t\t\t\t\t\t\t\t<img loading=\"lazy\" decoding=\"async\" width=\"800\" height=\"800\" src=\"https:\/\/firebrandcollective.org\/wp-content\/uploads\/2024\/11\/Katie-Marta-Pear-Blossom.png\" class=\"attachment-large size-large wp-image-6875\" alt=\"\" srcset=\"https:\/\/firebrandcollective.org\/wp-content\/uploads\/2024\/11\/Katie-Marta-Pear-Blossom.png 800w, https:\/\/firebrandcollective.org\/wp-content\/uploads\/2024\/11\/Katie-Marta-Pear-Blossom-300x300.png 300w, https:\/\/firebrandcollective.org\/wp-content\/uploads\/2024\/11\/Katie-Marta-Pear-Blossom-150x150.png 150w, https:\/\/firebrandcollective.org\/wp-content\/uploads\/2024\/11\/Katie-Marta-Pear-Blossom-768x768.png 768w\" sizes=\"(max-width: 800px) 100vw, 800px\" \/>\t\t\t\t\t\t\t\t\t\t\t\t\t\t\t<\/div>\n\t\t\t\t<\/div>\n\t\t\t\t<div class=\"elementor-element elementor-element-f2b57c9 ob-has-background-overlay elementor-widget elementor-widget-image\" data-id=\"f2b57c9\" data-element_type=\"widget\" data-e-type=\"widget\" data-settings=\"{&quot;_ob_photomorph_use&quot;:&quot;no&quot;,&quot;_ob_widget_stalker_use&quot;:&quot;no&quot;,&quot;_ob_poopart_use&quot;:&quot;yes&quot;,&quot;_ob_shadough_use&quot;:&quot;no&quot;,&quot;_ob_allow_hoveranimator&quot;:&quot;no&quot;}\" data-widget_type=\"image.default\">\n\t\t\t\t<div class=\"elementor-widget-container\">\n\t\t\t\t\t\t\t\t\t\t\t\t\t\t\t<img loading=\"lazy\" decoding=\"async\" width=\"800\" height=\"800\" src=\"https:\/\/firebrandcollective.org\/wp-content\/uploads\/2024\/11\/Firewise-Anderson-Creek.png\" class=\"attachment-large size-large wp-image-6878\" alt=\"\" srcset=\"https:\/\/firebrandcollective.org\/wp-content\/uploads\/2024\/11\/Firewise-Anderson-Creek.png 800w, https:\/\/firebrandcollective.org\/wp-content\/uploads\/2024\/11\/Firewise-Anderson-Creek-300x300.png 300w, https:\/\/firebrandcollective.org\/wp-content\/uploads\/2024\/11\/Firewise-Anderson-Creek-150x150.png 150w, https:\/\/firebrandcollective.org\/wp-content\/uploads\/2024\/11\/Firewise-Anderson-Creek-768x768.png 768w\" sizes=\"(max-width: 800px) 100vw, 800px\" \/>\t\t\t\t\t\t\t\t\t\t\t\t\t\t\t<\/div>\n\t\t\t\t<\/div>\n\t\t\t\t<div class=\"elementor-element elementor-element-850ce03 ob-has-background-overlay elementor-widget elementor-widget-image\" data-id=\"850ce03\" data-element_type=\"widget\" data-e-type=\"widget\" data-settings=\"{&quot;_ob_photomorph_use&quot;:&quot;no&quot;,&quot;_ob_widget_stalker_use&quot;:&quot;no&quot;,&quot;_ob_poopart_use&quot;:&quot;yes&quot;,&quot;_ob_shadough_use&quot;:&quot;no&quot;,&quot;_ob_allow_hoveranimator&quot;:&quot;no&quot;}\" data-widget_type=\"image.default\">\n\t\t\t\t<div class=\"elementor-widget-container\">\n\t\t\t\t\t\t\t\t\t\t\t\t\t\t\t<img loading=\"lazy\" decoding=\"async\" width=\"800\" height=\"800\" src=\"https:\/\/firebrandcollective.org\/wp-content\/uploads\/2024\/11\/Cass-Breauna-RISE.png\" class=\"attachment-large size-large wp-image-6867\" alt=\"\" srcset=\"https:\/\/firebrandcollective.org\/wp-content\/uploads\/2024\/11\/Cass-Breauna-RISE.png 800w, https:\/\/firebrandcollective.org\/wp-content\/uploads\/2024\/11\/Cass-Breauna-RISE-300x300.png 300w, https:\/\/firebrandcollective.org\/wp-content\/uploads\/2024\/11\/Cass-Breauna-RISE-150x150.png 150w, https:\/\/firebrandcollective.org\/wp-content\/uploads\/2024\/11\/Cass-Breauna-RISE-768x768.png 768w\" sizes=\"(max-width: 800px) 100vw, 800px\" \/>\t\t\t\t\t\t\t\t\t\t\t\t\t\t\t<\/div>\n\t\t\t\t<\/div>\n\t\t\t\t<div class=\"elementor-element elementor-element-6c52103 ob-has-background-overlay elementor-widget elementor-widget-image\" data-id=\"6c52103\" data-element_type=\"widget\" data-e-type=\"widget\" data-settings=\"{&quot;_ob_photomorph_use&quot;:&quot;no&quot;,&quot;_ob_widget_stalker_use&quot;:&quot;no&quot;,&quot;_ob_poopart_use&quot;:&quot;yes&quot;,&quot;_ob_shadough_use&quot;:&quot;no&quot;,&quot;_ob_allow_hoveranimator&quot;:&quot;no&quot;}\" data-widget_type=\"image.default\">\n\t\t\t\t<div class=\"elementor-widget-container\">\n\t\t\t\t\t\t\t\t\t\t\t\t\t\t\t<img loading=\"lazy\" decoding=\"async\" width=\"800\" height=\"800\" src=\"https:\/\/firebrandcollective.org\/wp-content\/uploads\/2024\/11\/Glenwood.png\" class=\"attachment-large size-large wp-image-6883\" alt=\"\" srcset=\"https:\/\/firebrandcollective.org\/wp-content\/uploads\/2024\/11\/Glenwood.png 800w, https:\/\/firebrandcollective.org\/wp-content\/uploads\/2024\/11\/Glenwood-300x300.png 300w, https:\/\/firebrandcollective.org\/wp-content\/uploads\/2024\/11\/Glenwood-150x150.png 150w, https:\/\/firebrandcollective.org\/wp-content\/uploads\/2024\/11\/Glenwood-768x768.png 768w\" sizes=\"(max-width: 800px) 100vw, 800px\" \/>\t\t\t\t\t\t\t\t\t\t\t\t\t\t\t<\/div>\n\t\t\t\t<\/div>\n\t\t\t\t<div class=\"elementor-element elementor-element-deb130b ob-has-background-overlay elementor-widget elementor-widget-image\" data-id=\"deb130b\" data-element_type=\"widget\" data-e-type=\"widget\" data-settings=\"{&quot;_ob_photomorph_use&quot;:&quot;no&quot;,&quot;_ob_widget_stalker_use&quot;:&quot;no&quot;,&quot;_ob_poopart_use&quot;:&quot;yes&quot;,&quot;_ob_shadough_use&quot;:&quot;no&quot;,&quot;_ob_allow_hoveranimator&quot;:&quot;no&quot;}\" data-widget_type=\"image.default\">\n\t\t\t\t<div class=\"elementor-widget-container\">\n\t\t\t\t\t\t\t\t\t\t\t\t\t\t\t<img loading=\"lazy\" decoding=\"async\" width=\"800\" height=\"800\" src=\"https:\/\/firebrandcollective.org\/wp-content\/uploads\/2024\/11\/Katie-and-Nikki-RISE.png\" class=\"attachment-large size-large wp-image-6873\" alt=\"\" srcset=\"https:\/\/firebrandcollective.org\/wp-content\/uploads\/2024\/11\/Katie-and-Nikki-RISE.png 800w, https:\/\/firebrandcollective.org\/wp-content\/uploads\/2024\/11\/Katie-and-Nikki-RISE-300x300.png 300w, https:\/\/firebrandcollective.org\/wp-content\/uploads\/2024\/11\/Katie-and-Nikki-RISE-150x150.png 150w, https:\/\/firebrandcollective.org\/wp-content\/uploads\/2024\/11\/Katie-and-Nikki-RISE-768x768.png 768w\" sizes=\"(max-width: 800px) 100vw, 800px\" \/>\t\t\t\t\t\t\t\t\t\t\t\t\t\t\t<\/div>\n\t\t\t\t<\/div>\n\t\t\t\t\t<\/div>\n\t\t\t\t<\/div>\n\t\t\t\t<\/div>\n\t\t","protected":false},"excerpt":{"rendered":"<p>NOTA IMPORTANTE: NO tienes que donar m\u00e1s a Zeffy. Tras elegir el importe de tu donaci\u00f3n, el formulario a\u00f1ade por defecto una propina del 17% para apoyar a Zeffy. Para eliminarlo, simplemente selecciona el desplegable, elige \u00abOtro\u00bb e introduce 0$. En Firebrand, sabemos que la resiliencia de la comunidad es una calle de doble sentido: [&hellip;]<\/p>\n","protected":false},"author":2,"featured_media":0,"parent":0,"menu_order":0,"comment_status":"closed","ping_status":"closed","template":"","meta":{"_acf_changed":false,"give_campaign_id":0,"footnotes":""},"class_list":["post-6850","page","type-page","status-publish","hentry"],"acf":[],"campaignId":"","_links":{"self":[{"href":"https:\/\/firebrandcollective.org\/es\/wp-json\/wp\/v2\/pages\/6850","targetHints":{"allow":["GET"]}}],"collection":[{"href":"https:\/\/firebrandcollective.org\/es\/wp-json\/wp\/v2\/pages"}],"about":[{"href":"https:\/\/firebrandcollective.org\/es\/wp-json\/wp\/v2\/types\/page"}],"author":[{"embeddable":true,"href":"https:\/\/firebrandcollective.org\/es\/wp-json\/wp\/v2\/users\/2"}],"replies":[{"embeddable":true,"href":"https:\/\/firebrandcollective.org\/es\/wp-json\/wp\/v2\/comments?post=6850"}],"version-history":[{"count":19,"href":"https:\/\/firebrandcollective.org\/es\/wp-json\/wp\/v2\/pages\/6850\/revisions"}],"predecessor-version":[{"id":7449,"href":"https:\/\/firebrandcollective.org\/es\/wp-json\/wp\/v2\/pages\/6850\/revisions\/7449"}],"wp:attachment":[{"href":"https:\/\/firebrandcollective.org\/es\/wp-json\/wp\/v2\/media?parent=6850"}],"curies":[{"name":"wp","href":"https:\/\/api.w.org\/{rel}","templated":true}]}}