{"id":6808,"date":"2024-11-13T03:13:00","date_gmt":"2024-11-13T03:13:00","guid":{"rendered":"https:\/\/firebrandcollective.org\/alertas-y-notificaciones-de-incendios-forestales\/"},"modified":"2025-05-15T01:06:25","modified_gmt":"2025-05-15T01:06:25","slug":"alertas-y-notificaciones-de-incendios-forestales","status":"publish","type":"page","link":"https:\/\/firebrandcollective.org\/es\/alertas-y-notificaciones-de-incendios-forestales\/","title":{"rendered":"Alertas y notificaciones de incendios forestales"},"content":{"rendered":"\t\t<div data-elementor-type=\"wp-page\" data-elementor-id=\"6808\" class=\"elementor elementor-6808 elementor-6803\" data-elementor-post-type=\"page\">\n\t\t\t\t<div class=\"elementor-element elementor-element-cfb130d e-flex e-con-boxed e-con e-parent\" data-id=\"cfb130d\" data-element_type=\"container\" data-e-type=\"container\" data-settings=\"{&quot;_ob_use_container_extras&quot;:&quot;no&quot;,&quot;_ob_column_hoveranimator&quot;:&quot;no&quot;,&quot;_ob_glider_is_slider&quot;:&quot;no&quot;,&quot;_ob_column_has_pseudo&quot;:&quot;no&quot;}\">\n\t\t\t\t\t<div class=\"e-con-inner\">\n\t\t<div class=\"elementor-element elementor-element-09ae745 e-con-full e-flex e-con e-child\" data-id=\"09ae745\" data-element_type=\"container\" data-e-type=\"container\" data-settings=\"{&quot;_ob_use_container_extras&quot;:&quot;no&quot;,&quot;_ob_column_hoveranimator&quot;:&quot;no&quot;,&quot;_ob_glider_is_slider&quot;:&quot;no&quot;,&quot;_ob_column_has_pseudo&quot;:&quot;no&quot;}\">\n\t\t\t\t<div class=\"elementor-element elementor-element-3fc4a72 ob-harakiri-inherit ob-has-background-overlay elementor-widget elementor-widget-text-editor\" data-id=\"3fc4a72\" data-element_type=\"widget\" data-e-type=\"widget\" data-settings=\"{&quot;_ob_use_harakiri&quot;:&quot;yes&quot;,&quot;_ob_harakiri_writing_mode&quot;:&quot;inherit&quot;,&quot;_ob_postman_use&quot;:&quot;no&quot;,&quot;_ob_widget_stalker_use&quot;:&quot;no&quot;,&quot;_ob_poopart_use&quot;:&quot;yes&quot;,&quot;_ob_shadough_use&quot;:&quot;no&quot;,&quot;_ob_allow_hoveranimator&quot;:&quot;no&quot;}\" data-widget_type=\"text-editor.default\">\n\t\t\t\t<div class=\"elementor-widget-container\">\n\t\t\t\t\t\t\t\t\t<p><strong>Ahora es el momento<\/strong> de configurar todas las alertas que necesitar\u00e1s para mantenerte seguro e informado durante la temporada de incendios. Instamos encarecidamente a todos los habitantes de Rogue Valley a que dediquen unos minutos a descargar estas aplicaciones esenciales y se suscriban a las notificaciones de emergencia por SMS.<\/p><p>Los hemos probado todos, y aqu\u00ed tienes nuestras mejores opciones con instrucciones sencillas que te proporcionar\u00e1n actualizaciones en tiempo real sobre incendios forestales regionales, \u00f3rdenes de evacuaci\u00f3n y mucho m\u00e1s. Estas herramientas pueden salvar vidas, ofreciendo informaci\u00f3n oportuna para ayudarte a ti y a tus seres queridos a comprender de d\u00f3nde procede el humo en el aire, y a responder con rapidez y eficacia en caso de amenaza.<\/p><p><strong>Mantente conectado, informado y seguro.<\/strong><\/p><p><em>Puedes encontrar enlaces de descarga para todas estas aplicaciones debajo de la infograf\u00eda.<\/em><\/p>\t\t\t\t\t\t\t\t<\/div>\n\t\t\t\t<\/div>\n\t\t\t\t<\/div>\n\t\t<div class=\"elementor-element elementor-element-6a600ce e-con-full e-flex e-con e-child\" data-id=\"6a600ce\" data-element_type=\"container\" data-e-type=\"container\" data-settings=\"{&quot;_ob_use_container_extras&quot;:&quot;no&quot;,&quot;_ob_column_hoveranimator&quot;:&quot;no&quot;,&quot;_ob_glider_is_slider&quot;:&quot;no&quot;,&quot;_ob_column_has_pseudo&quot;:&quot;no&quot;}\">\n\t\t\t\t<div class=\"elementor-element elementor-element-3673233 ob-has-background-overlay elementor-widget elementor-widget-image\" data-id=\"3673233\" data-element_type=\"widget\" data-e-type=\"widget\" data-settings=\"{&quot;_ob_photomorph_use&quot;:&quot;no&quot;,&quot;_ob_widget_stalker_use&quot;:&quot;no&quot;,&quot;_ob_poopart_use&quot;:&quot;yes&quot;,&quot;_ob_shadough_use&quot;:&quot;no&quot;,&quot;_ob_allow_hoveranimator&quot;:&quot;no&quot;}\" data-widget_type=\"image.default\">\n\t\t\t\t<div class=\"elementor-widget-container\">\n\t\t\t\t\t\t\t\t\t\t\t\t\t\t\t<img fetchpriority=\"high\" decoding=\"async\" width=\"800\" height=\"800\" src=\"https:\/\/firebrandcollective.org\/wp-content\/uploads\/2025\/05\/Emergency-Alerts-4up-1024x1024.png\" class=\"attachment-large size-large wp-image-7122\" alt=\"\" srcset=\"https:\/\/firebrandcollective.org\/wp-content\/uploads\/2025\/05\/Emergency-Alerts-4up-1024x1024.png 1024w, https:\/\/firebrandcollective.org\/wp-content\/uploads\/2025\/05\/Emergency-Alerts-4up-300x300.png 300w, https:\/\/firebrandcollective.org\/wp-content\/uploads\/2025\/05\/Emergency-Alerts-4up-150x150.png 150w, https:\/\/firebrandcollective.org\/wp-content\/uploads\/2025\/05\/Emergency-Alerts-4up-768x768.png 768w, https:\/\/firebrandcollective.org\/wp-content\/uploads\/2025\/05\/Emergency-Alerts-4up.png 1080w\" sizes=\"(max-width: 800px) 100vw, 800px\" \/>\t\t\t\t\t\t\t\t\t\t\t\t\t\t\t<\/div>\n\t\t\t\t<\/div>\n\t\t\t\t<\/div>\n\t\t\t\t\t<\/div>\n\t\t\t\t<\/div>\n\t\t<div class=\"elementor-element elementor-element-4d50fc9 e-flex e-con-boxed e-con e-parent\" data-id=\"4d50fc9\" data-element_type=\"container\" data-e-type=\"container\" data-settings=\"{&quot;_ob_use_container_extras&quot;:&quot;no&quot;,&quot;_ob_column_hoveranimator&quot;:&quot;no&quot;,&quot;_ob_glider_is_slider&quot;:&quot;no&quot;,&quot;_ob_column_has_pseudo&quot;:&quot;no&quot;}\">\n\t\t\t\t\t<div class=\"e-con-inner\">\n\t\t<div class=\"elementor-element elementor-element-3148da8 e-con-full e-flex e-con e-child\" data-id=\"3148da8\" data-element_type=\"container\" data-e-type=\"container\" data-settings=\"{&quot;_ob_use_container_extras&quot;:&quot;no&quot;,&quot;_ob_column_hoveranimator&quot;:&quot;no&quot;,&quot;_ob_glider_is_slider&quot;:&quot;no&quot;,&quot;_ob_column_has_pseudo&quot;:&quot;no&quot;}\">\n\t\t\t\t<div class=\"elementor-element elementor-element-e503b3f ob-has-background-overlay elementor-widget elementor-widget-image\" data-id=\"e503b3f\" data-element_type=\"widget\" data-e-type=\"widget\" data-settings=\"{&quot;_ob_photomorph_use&quot;:&quot;no&quot;,&quot;_ob_widget_stalker_use&quot;:&quot;no&quot;,&quot;_ob_poopart_use&quot;:&quot;yes&quot;,&quot;_ob_shadough_use&quot;:&quot;no&quot;,&quot;_ob_allow_hoveranimator&quot;:&quot;no&quot;}\" data-widget_type=\"image.default\">\n\t\t\t\t<div class=\"elementor-widget-container\">\n\t\t\t\t\t\t\t\t\t\t\t\t\t\t\t<img decoding=\"async\" width=\"800\" height=\"800\" src=\"https:\/\/firebrandcollective.org\/wp-content\/uploads\/2024\/07\/Watch-Duty-1024x1024.png\" class=\"attachment-large size-large wp-image-6492\" alt=\"\" srcset=\"https:\/\/firebrandcollective.org\/wp-content\/uploads\/2024\/07\/Watch-Duty-1024x1024.png 1024w, https:\/\/firebrandcollective.org\/wp-content\/uploads\/2024\/07\/Watch-Duty-300x300.png 300w, https:\/\/firebrandcollective.org\/wp-content\/uploads\/2024\/07\/Watch-Duty-150x150.png 150w, https:\/\/firebrandcollective.org\/wp-content\/uploads\/2024\/07\/Watch-Duty-768x768.png 768w, https:\/\/firebrandcollective.org\/wp-content\/uploads\/2024\/07\/Watch-Duty.png 1080w\" sizes=\"(max-width: 800px) 100vw, 800px\" \/>\t\t\t\t\t\t\t\t\t\t\t\t\t\t\t<\/div>\n\t\t\t\t<\/div>\n\t\t\t\t<div class=\"elementor-element elementor-element-e80c0d0 ob-harakiri-inherit ob-has-background-overlay elementor-widget elementor-widget-text-editor\" data-id=\"e80c0d0\" data-element_type=\"widget\" data-e-type=\"widget\" data-settings=\"{&quot;_ob_use_harakiri&quot;:&quot;yes&quot;,&quot;_ob_harakiri_writing_mode&quot;:&quot;inherit&quot;,&quot;_ob_postman_use&quot;:&quot;no&quot;,&quot;_ob_widget_stalker_use&quot;:&quot;no&quot;,&quot;_ob_poopart_use&quot;:&quot;yes&quot;,&quot;_ob_shadough_use&quot;:&quot;no&quot;,&quot;_ob_allow_hoveranimator&quot;:&quot;no&quot;}\" data-widget_type=\"text-editor.default\">\n\t\t\t\t<div class=\"elementor-widget-container\">\n\t\t\t\t\t\t\t\t\t<p><a href=\"https:\/\/apps.apple.com\/us\/app\/watch-duty-wildfire-maps\/id1574452924\" target=\"_blank\" rel=\"noopener\"><strong>Descarga IOS<\/strong><\/a><\/p><p><a href=\"https:\/\/play.google.com\/store\/apps\/details?id=org.watchduty.app\" target=\"_blank\" rel=\"noopener\"><strong>Descarga para Android<\/strong><\/a><\/p>\t\t\t\t\t\t\t\t<\/div>\n\t\t\t\t<\/div>\n\t\t\t\t<\/div>\n\t\t<div class=\"elementor-element elementor-element-83f9a1c e-con-full e-flex e-con e-child\" data-id=\"83f9a1c\" data-element_type=\"container\" data-e-type=\"container\" data-settings=\"{&quot;_ob_use_container_extras&quot;:&quot;no&quot;,&quot;_ob_column_hoveranimator&quot;:&quot;no&quot;,&quot;_ob_glider_is_slider&quot;:&quot;no&quot;,&quot;_ob_column_has_pseudo&quot;:&quot;no&quot;}\">\n\t\t\t\t<div class=\"elementor-element elementor-element-23944ff ob-has-background-overlay elementor-widget elementor-widget-image\" data-id=\"23944ff\" data-element_type=\"widget\" data-e-type=\"widget\" data-settings=\"{&quot;_ob_photomorph_use&quot;:&quot;no&quot;,&quot;_ob_widget_stalker_use&quot;:&quot;no&quot;,&quot;_ob_poopart_use&quot;:&quot;yes&quot;,&quot;_ob_shadough_use&quot;:&quot;no&quot;,&quot;_ob_allow_hoveranimator&quot;:&quot;no&quot;}\" data-widget_type=\"image.default\">\n\t\t\t\t<div class=\"elementor-widget-container\">\n\t\t\t\t\t\t\t\t\t\t\t\t\t\t\t<img decoding=\"async\" width=\"800\" height=\"800\" src=\"https:\/\/firebrandcollective.org\/wp-content\/uploads\/2024\/07\/Nixle-1024x1024.png\" class=\"attachment-large size-large wp-image-6494\" alt=\"\" srcset=\"https:\/\/firebrandcollective.org\/wp-content\/uploads\/2024\/07\/Nixle-1024x1024.png 1024w, https:\/\/firebrandcollective.org\/wp-content\/uploads\/2024\/07\/Nixle-300x300.png 300w, https:\/\/firebrandcollective.org\/wp-content\/uploads\/2024\/07\/Nixle-150x150.png 150w, https:\/\/firebrandcollective.org\/wp-content\/uploads\/2024\/07\/Nixle-768x768.png 768w, https:\/\/firebrandcollective.org\/wp-content\/uploads\/2024\/07\/Nixle.png 1080w\" sizes=\"(max-width: 800px) 100vw, 800px\" \/>\t\t\t\t\t\t\t\t\t\t\t\t\t\t\t<\/div>\n\t\t\t\t<\/div>\n\t\t\t\t<div class=\"elementor-element elementor-element-3221c3d ob-harakiri-inherit ob-has-background-overlay elementor-widget elementor-widget-text-editor\" data-id=\"3221c3d\" data-element_type=\"widget\" data-e-type=\"widget\" data-settings=\"{&quot;_ob_use_harakiri&quot;:&quot;yes&quot;,&quot;_ob_harakiri_writing_mode&quot;:&quot;inherit&quot;,&quot;_ob_postman_use&quot;:&quot;no&quot;,&quot;_ob_widget_stalker_use&quot;:&quot;no&quot;,&quot;_ob_poopart_use&quot;:&quot;yes&quot;,&quot;_ob_shadough_use&quot;:&quot;no&quot;,&quot;_ob_allow_hoveranimator&quot;:&quot;no&quot;}\" data-widget_type=\"text-editor.default\">\n\t\t\t\t<div class=\"elementor-widget-container\">\n\t\t\t\t\t\t\t\t\t<p><a href=\"https:\/\/local.nixle.com\/accounts\/login\/\" target=\"_blank\" rel=\"noopener\"><strong>Reg\u00edstrate en Nixle aqu\u00ed<\/strong><\/a><\/p>\t\t\t\t\t\t\t\t<\/div>\n\t\t\t\t<\/div>\n\t\t\t\t<\/div>\n\t\t<div class=\"elementor-element elementor-element-d90f619 e-con-full e-flex e-con e-child\" data-id=\"d90f619\" data-element_type=\"container\" data-e-type=\"container\" data-settings=\"{&quot;_ob_use_container_extras&quot;:&quot;no&quot;,&quot;_ob_column_hoveranimator&quot;:&quot;no&quot;,&quot;_ob_glider_is_slider&quot;:&quot;no&quot;,&quot;_ob_column_has_pseudo&quot;:&quot;no&quot;}\">\n\t\t\t\t<div class=\"elementor-element elementor-element-ca72bce ob-has-background-overlay elementor-widget elementor-widget-image\" data-id=\"ca72bce\" data-element_type=\"widget\" data-e-type=\"widget\" data-settings=\"{&quot;_ob_photomorph_use&quot;:&quot;no&quot;,&quot;_ob_widget_stalker_use&quot;:&quot;no&quot;,&quot;_ob_poopart_use&quot;:&quot;yes&quot;,&quot;_ob_shadough_use&quot;:&quot;no&quot;,&quot;_ob_allow_hoveranimator&quot;:&quot;no&quot;}\" data-widget_type=\"image.default\">\n\t\t\t\t<div class=\"elementor-widget-container\">\n\t\t\t\t\t\t\t\t\t\t\t\t\t\t\t<img loading=\"lazy\" decoding=\"async\" width=\"800\" height=\"800\" src=\"https:\/\/firebrandcollective.org\/wp-content\/uploads\/2025\/05\/JACKSON-Alerts-1024x1024.png\" class=\"attachment-large size-large wp-image-7120\" alt=\"\" srcset=\"https:\/\/firebrandcollective.org\/wp-content\/uploads\/2025\/05\/JACKSON-Alerts-1024x1024.png 1024w, https:\/\/firebrandcollective.org\/wp-content\/uploads\/2025\/05\/JACKSON-Alerts-300x300.png 300w, https:\/\/firebrandcollective.org\/wp-content\/uploads\/2025\/05\/JACKSON-Alerts-150x150.png 150w, https:\/\/firebrandcollective.org\/wp-content\/uploads\/2025\/05\/JACKSON-Alerts-768x768.png 768w, https:\/\/firebrandcollective.org\/wp-content\/uploads\/2025\/05\/JACKSON-Alerts.png 1080w\" sizes=\"(max-width: 800px) 100vw, 800px\" \/>\t\t\t\t\t\t\t\t\t\t\t\t\t\t\t<\/div>\n\t\t\t\t<\/div>\n\t\t\t\t<div class=\"elementor-element elementor-element-3e2eb64 ob-harakiri-inherit ob-has-background-overlay elementor-widget elementor-widget-text-editor\" data-id=\"3e2eb64\" data-element_type=\"widget\" data-e-type=\"widget\" data-settings=\"{&quot;_ob_use_harakiri&quot;:&quot;yes&quot;,&quot;_ob_harakiri_writing_mode&quot;:&quot;inherit&quot;,&quot;_ob_postman_use&quot;:&quot;no&quot;,&quot;_ob_widget_stalker_use&quot;:&quot;no&quot;,&quot;_ob_poopart_use&quot;:&quot;yes&quot;,&quot;_ob_shadough_use&quot;:&quot;no&quot;,&quot;_ob_allow_hoveranimator&quot;:&quot;no&quot;}\" data-widget_type=\"text-editor.default\">\n\t\t\t\t<div class=\"elementor-widget-container\">\n\t\t\t\t\t\t\t\t\t<p><a href=\"https:\/\/member.everbridge.net\/76864345342052\/login\" target=\"_blank\" rel=\"noopener\"><strong>Ap\u00fantate a las Alertas Jackson aqu\u00ed<\/strong><\/a><\/p>\t\t\t\t\t\t\t\t<\/div>\n\t\t\t\t<\/div>\n\t\t\t\t<\/div>\n\t\t<div class=\"elementor-element elementor-element-46d360c e-con-full e-flex e-con e-child\" data-id=\"46d360c\" data-element_type=\"container\" data-e-type=\"container\" data-settings=\"{&quot;_ob_use_container_extras&quot;:&quot;no&quot;,&quot;_ob_column_hoveranimator&quot;:&quot;no&quot;,&quot;_ob_glider_is_slider&quot;:&quot;no&quot;,&quot;_ob_column_has_pseudo&quot;:&quot;no&quot;}\">\n\t\t\t\t<div class=\"elementor-element elementor-element-337ced0 ob-has-background-overlay elementor-widget elementor-widget-image\" data-id=\"337ced0\" data-element_type=\"widget\" data-e-type=\"widget\" data-settings=\"{&quot;_ob_photomorph_use&quot;:&quot;no&quot;,&quot;_ob_widget_stalker_use&quot;:&quot;no&quot;,&quot;_ob_poopart_use&quot;:&quot;yes&quot;,&quot;_ob_shadough_use&quot;:&quot;no&quot;,&quot;_ob_allow_hoveranimator&quot;:&quot;no&quot;}\" data-widget_type=\"image.default\">\n\t\t\t\t<div class=\"elementor-widget-container\">\n\t\t\t\t\t\t\t\t\t\t\t\t\t\t\t<img loading=\"lazy\" decoding=\"async\" width=\"800\" height=\"800\" src=\"https:\/\/firebrandcollective.org\/wp-content\/uploads\/2024\/07\/Pulse-Point-1024x1024.png\" class=\"attachment-large size-large wp-image-6498\" alt=\"\" srcset=\"https:\/\/firebrandcollective.org\/wp-content\/uploads\/2024\/07\/Pulse-Point-1024x1024.png 1024w, https:\/\/firebrandcollective.org\/wp-content\/uploads\/2024\/07\/Pulse-Point-300x300.png 300w, https:\/\/firebrandcollective.org\/wp-content\/uploads\/2024\/07\/Pulse-Point-150x150.png 150w, https:\/\/firebrandcollective.org\/wp-content\/uploads\/2024\/07\/Pulse-Point-768x768.png 768w, https:\/\/firebrandcollective.org\/wp-content\/uploads\/2024\/07\/Pulse-Point.png 1080w\" sizes=\"(max-width: 800px) 100vw, 800px\" \/>\t\t\t\t\t\t\t\t\t\t\t\t\t\t\t<\/div>\n\t\t\t\t<\/div>\n\t\t\t\t<div class=\"elementor-element elementor-element-650d9e8 ob-harakiri-inherit ob-has-background-overlay elementor-widget elementor-widget-text-editor\" data-id=\"650d9e8\" data-element_type=\"widget\" data-e-type=\"widget\" data-settings=\"{&quot;_ob_use_harakiri&quot;:&quot;yes&quot;,&quot;_ob_harakiri_writing_mode&quot;:&quot;inherit&quot;,&quot;_ob_postman_use&quot;:&quot;no&quot;,&quot;_ob_widget_stalker_use&quot;:&quot;no&quot;,&quot;_ob_poopart_use&quot;:&quot;yes&quot;,&quot;_ob_shadough_use&quot;:&quot;no&quot;,&quot;_ob_allow_hoveranimator&quot;:&quot;no&quot;}\" data-widget_type=\"text-editor.default\">\n\t\t\t\t<div class=\"elementor-widget-container\">\n\t\t\t\t\t\t\t\t\t<p><a href=\"https:\/\/apps.apple.com\/us\/app\/pulsepoint-respond\/id500772134\" target=\"_blank\" rel=\"noopener\"><strong>Descarga IOS<\/strong><\/a><\/p><p><a href=\"https:\/\/play.google.com\/store\/apps\/details?id=mobi.firedepartment&amp;pli=1\" target=\"_blank\" rel=\"noopener\"><strong>Descarga para Android<\/strong><\/a><\/p>\t\t\t\t\t\t\t\t<\/div>\n\t\t\t\t<\/div>\n\t\t\t\t<\/div>\n\t\t\t\t\t<\/div>\n\t\t\t\t<\/div>\n\t\t\t\t<\/div>\n\t\t","protected":false},"excerpt":{"rendered":"<p>Ahora es el momento de configurar todas las alertas que necesitar\u00e1s para mantenerte seguro e informado durante la temporada de incendios. Instamos encarecidamente a todos los habitantes de Rogue Valley a que dediquen unos minutos a descargar estas aplicaciones esenciales y se suscriban a las notificaciones de emergencia por SMS. Los hemos probado todos, y [&hellip;]<\/p>\n","protected":false},"author":2,"featured_media":0,"parent":0,"menu_order":0,"comment_status":"closed","ping_status":"closed","template":"","meta":{"_acf_changed":false,"give_campaign_id":0,"footnotes":""},"class_list":["post-6808","page","type-page","status-publish","hentry"],"acf":[],"campaignId":"","_links":{"self":[{"href":"https:\/\/firebrandcollective.org\/es\/wp-json\/wp\/v2\/pages\/6808","targetHints":{"allow":["GET"]}}],"collection":[{"href":"https:\/\/firebrandcollective.org\/es\/wp-json\/wp\/v2\/pages"}],"about":[{"href":"https:\/\/firebrandcollective.org\/es\/wp-json\/wp\/v2\/types\/page"}],"author":[{"embeddable":true,"href":"https:\/\/firebrandcollective.org\/es\/wp-json\/wp\/v2\/users\/2"}],"replies":[{"embeddable":true,"href":"https:\/\/firebrandcollective.org\/es\/wp-json\/wp\/v2\/comments?post=6808"}],"version-history":[{"count":3,"href":"https:\/\/firebrandcollective.org\/es\/wp-json\/wp\/v2\/pages\/6808\/revisions"}],"predecessor-version":[{"id":7132,"href":"https:\/\/firebrandcollective.org\/es\/wp-json\/wp\/v2\/pages\/6808\/revisions\/7132"}],"wp:attachment":[{"href":"https:\/\/firebrandcollective.org\/es\/wp-json\/wp\/v2\/media?parent=6808"}],"curies":[{"name":"wp","href":"https:\/\/api.w.org\/{rel}","templated":true}]}}