{"id":6633,"date":"2024-07-12T00:13:56","date_gmt":"2024-07-12T00:13:56","guid":{"rendered":"https:\/\/firebrandcollective.org\/evaluaciones-del-riesgo-de-incendios-forestales\/"},"modified":"2024-07-12T00:21:36","modified_gmt":"2024-07-12T00:21:36","slug":"evaluaciones-del-riesgo-de-incendios-forestales","status":"publish","type":"page","link":"https:\/\/firebrandcollective.org\/es\/listo-ahora\/evaluaciones-del-riesgo-de-incendios-forestales\/","title":{"rendered":"Evaluaciones del riesgo de incendios forestales"},"content":{"rendered":"\t\t<div data-elementor-type=\"wp-page\" data-elementor-id=\"6633\" class=\"elementor elementor-6633 elementor-6627\" data-elementor-post-type=\"page\">\n\t\t\t\t<div class=\"elementor-element elementor-element-1b6640e e-flex e-con-boxed e-con e-parent\" data-id=\"1b6640e\" data-element_type=\"container\" data-e-type=\"container\" data-settings=\"{&quot;_ob_use_container_extras&quot;:&quot;no&quot;,&quot;_ob_column_hoveranimator&quot;:&quot;no&quot;,&quot;_ob_glider_is_slider&quot;:&quot;no&quot;,&quot;_ob_column_has_pseudo&quot;:&quot;no&quot;}\">\n\t\t\t\t\t<div class=\"e-con-inner\">\n\t\t<div class=\"elementor-element elementor-element-a9db1a1 e-con-full e-flex e-con e-child\" data-id=\"a9db1a1\" data-element_type=\"container\" data-e-type=\"container\" data-settings=\"{&quot;_ob_use_container_extras&quot;:&quot;no&quot;,&quot;_ob_column_hoveranimator&quot;:&quot;no&quot;,&quot;_ob_glider_is_slider&quot;:&quot;no&quot;,&quot;_ob_column_has_pseudo&quot;:&quot;no&quot;}\">\n\t\t\t\t<div class=\"elementor-element elementor-element-517f0e2 ob-harakiri-inherit ob-has-background-overlay elementor-widget elementor-widget-text-editor\" data-id=\"517f0e2\" data-element_type=\"widget\" data-e-type=\"widget\" data-settings=\"{&quot;_ob_use_harakiri&quot;:&quot;yes&quot;,&quot;_ob_harakiri_writing_mode&quot;:&quot;inherit&quot;,&quot;_ob_postman_use&quot;:&quot;no&quot;,&quot;_ob_widget_stalker_use&quot;:&quot;no&quot;,&quot;_ob_poopart_use&quot;:&quot;yes&quot;,&quot;_ob_shadough_use&quot;:&quot;no&quot;,&quot;_ob_allow_hoveranimator&quot;:&quot;no&quot;}\" data-widget_type=\"text-editor.default\">\n\t\t\t\t<div class=\"elementor-widget-container\">\n\t\t\t\t\t\t\t\t\t<p>Ap\u00fantate a una evaluaci\u00f3n del riesgo de incendio forestal a trav\u00e9s del Colectivo de Resiliencia Firebrand.<\/p>\n<p>Nuestro personal ha recibido formaci\u00f3n a trav\u00e9s de la ciudad de Ashland para realizar Evaluaciones del Riesgo de Incendios Forestales que te ayuden a tomar conciencia de las medidas necesarias en torno a tu casa para protegerte de los incendios forestales.<\/p>\n\t\t\t\t\t\t\t\t<\/div>\n\t\t\t\t<\/div>\n\t\t\t\t<\/div>\n\t\t<div class=\"elementor-element elementor-element-5e4d71b e-con-full e-flex e-con e-child\" data-id=\"5e4d71b\" data-element_type=\"container\" data-e-type=\"container\" data-settings=\"{&quot;_ob_use_container_extras&quot;:&quot;no&quot;,&quot;_ob_column_hoveranimator&quot;:&quot;no&quot;,&quot;_ob_glider_is_slider&quot;:&quot;no&quot;,&quot;_ob_column_has_pseudo&quot;:&quot;no&quot;}\">\n\t\t\t\t<div class=\"elementor-element elementor-element-fe0ce85 ob-has-background-overlay elementor-widget elementor-widget-video\" data-id=\"fe0ce85\" data-element_type=\"widget\" data-e-type=\"widget\" data-settings=\"{&quot;youtube_url&quot;:&quot;https:\\\/\\\/youtu.be\\\/Ufi3rFFh1MM?si=eFiIjopHDYky7sdi&quot;,&quot;video_type&quot;:&quot;youtube&quot;,&quot;controls&quot;:&quot;yes&quot;,&quot;_ob_widget_stalker_use&quot;:&quot;no&quot;,&quot;_ob_poopart_use&quot;:&quot;yes&quot;,&quot;_ob_shadough_use&quot;:&quot;no&quot;,&quot;_ob_allow_hoveranimator&quot;:&quot;no&quot;}\" data-widget_type=\"video.default\">\n\t\t\t\t<div class=\"elementor-widget-container\">\n\t\t\t\t\t\t\t<div class=\"elementor-wrapper elementor-open-inline\">\n\t\t\t<div class=\"elementor-video\"><\/div>\t\t<\/div>\n\t\t\t\t\t\t<\/div>\n\t\t\t\t<\/div>\n\t\t\t\t<\/div>\n\t\t\t\t\t<\/div>\n\t\t\t\t<\/div>\n\t\t\t\t<\/div>\n\t\t","protected":false},"excerpt":{"rendered":"<p>Ap\u00fantate a una evaluaci\u00f3n del riesgo de incendio forestal a trav\u00e9s del Colectivo de Resiliencia Firebrand. Nuestro personal ha recibido formaci\u00f3n a trav\u00e9s de la ciudad de Ashland para realizar Evaluaciones del Riesgo de Incendios Forestales que te ayuden a tomar conciencia de las medidas necesarias en torno a tu casa para protegerte de los [&hellip;]<\/p>\n","protected":false},"author":2,"featured_media":0,"parent":4358,"menu_order":2,"comment_status":"closed","ping_status":"closed","template":"","meta":{"_acf_changed":false,"give_campaign_id":0,"footnotes":""},"class_list":["post-6633","page","type-page","status-publish","hentry"],"acf":[],"campaignId":"","_links":{"self":[{"href":"https:\/\/firebrandcollective.org\/es\/wp-json\/wp\/v2\/pages\/6633","targetHints":{"allow":["GET"]}}],"collection":[{"href":"https:\/\/firebrandcollective.org\/es\/wp-json\/wp\/v2\/pages"}],"about":[{"href":"https:\/\/firebrandcollective.org\/es\/wp-json\/wp\/v2\/types\/page"}],"author":[{"embeddable":true,"href":"https:\/\/firebrandcollective.org\/es\/wp-json\/wp\/v2\/users\/2"}],"replies":[{"embeddable":true,"href":"https:\/\/firebrandcollective.org\/es\/wp-json\/wp\/v2\/comments?post=6633"}],"version-history":[{"count":1,"href":"https:\/\/firebrandcollective.org\/es\/wp-json\/wp\/v2\/pages\/6633\/revisions"}],"predecessor-version":[{"id":6634,"href":"https:\/\/firebrandcollective.org\/es\/wp-json\/wp\/v2\/pages\/6633\/revisions\/6634"}],"up":[{"embeddable":true,"href":"https:\/\/firebrandcollective.org\/es\/wp-json\/wp\/v2\/pages\/4358"}],"wp:attachment":[{"href":"https:\/\/firebrandcollective.org\/es\/wp-json\/wp\/v2\/media?parent=6633"}],"curies":[{"name":"wp","href":"https:\/\/api.w.org\/{rel}","templated":true}]}}