{"id":6610,"date":"2024-07-11T23:40:28","date_gmt":"2024-07-11T23:40:28","guid":{"rendered":"https:\/\/firebrandcollective.org\/firewise\/"},"modified":"2026-01-15T01:13:24","modified_gmt":"2026-01-15T01:13:24","slug":"firewise","status":"publish","type":"page","link":"https:\/\/firebrandcollective.org\/es\/listo-ahora\/firewise\/","title":{"rendered":"Firewise"},"content":{"rendered":"\t\t<div data-elementor-type=\"wp-page\" data-elementor-id=\"6610\" class=\"elementor elementor-6610 elementor-6601\" data-elementor-post-type=\"page\">\n\t\t\t\t<div class=\"elementor-element elementor-element-bb1d6e5 e-flex e-con-boxed e-con e-parent\" data-id=\"bb1d6e5\" data-element_type=\"container\" data-e-type=\"container\" data-settings=\"{&quot;_ob_use_container_extras&quot;:&quot;no&quot;,&quot;_ob_column_hoveranimator&quot;:&quot;no&quot;,&quot;_ob_glider_is_slider&quot;:&quot;no&quot;,&quot;_ob_column_has_pseudo&quot;:&quot;no&quot;}\">\n\t\t\t\t\t<div class=\"e-con-inner\">\n\t\t\t\t<div class=\"elementor-element elementor-element-af06028 ob-harakiri-inherit ob-has-background-overlay elementor-widget elementor-widget-text-editor\" data-id=\"af06028\" data-element_type=\"widget\" data-e-type=\"widget\" data-settings=\"{&quot;_ob_use_harakiri&quot;:&quot;yes&quot;,&quot;_ob_harakiri_writing_mode&quot;:&quot;inherit&quot;,&quot;_ob_postman_use&quot;:&quot;no&quot;,&quot;_ob_widget_stalker_use&quot;:&quot;no&quot;,&quot;_ob_poopart_use&quot;:&quot;yes&quot;,&quot;_ob_shadough_use&quot;:&quot;no&quot;,&quot;_ob_allow_hoveranimator&quot;:&quot;no&quot;}\" data-widget_type=\"text-editor.default\">\n\t\t\t\t<div class=\"elementor-widget-container\">\n\t\t\t\t\t\t\t\t\t<p><span style=\"font-weight: 400;\">En Firebrand Resiliency Collective (FRC), estamos orgullosos de ser un coordinador regional certificado para el nacionalmente reconocido <\/span><a href=\"https:\/\/www.nfpa.org\/education-and-research\/wildfire\/firewise-usa?l=125\" target=\"_blank\" rel=\"noopener\"><b>Programa Firewise USA<\/b><\/a><span style=\"font-weight: 400;\">un papel que nos permite ayudar a las comunidades del sur de Oreg\u00f3n a ser m\u00e1s resistentes frente a los incendios forestales. El Programa Firewise USA anima a los vecinos a trabajar juntos para reducir los riesgos de incendios forestales, ayudando a las comunidades a estar mejor preparadas y ser m\u00e1s resistentes. <\/span><\/p>\t\t\t\t\t\t\t\t<\/div>\n\t\t\t\t<\/div>\n\t\t\t\t\t<\/div>\n\t\t\t\t<\/div>\n\t\t<div class=\"elementor-element elementor-element-828c7eb e-flex e-con-boxed e-con e-parent\" data-id=\"828c7eb\" data-element_type=\"container\" data-e-type=\"container\" data-settings=\"{&quot;_ob_use_container_extras&quot;:&quot;no&quot;,&quot;_ob_column_hoveranimator&quot;:&quot;no&quot;,&quot;_ob_glider_is_slider&quot;:&quot;no&quot;,&quot;_ob_column_has_pseudo&quot;:&quot;no&quot;}\">\n\t\t\t\t\t<div class=\"e-con-inner\">\n\t\t\t\t<div class=\"elementor-element elementor-element-64515b9 ob-harakiri-inherit ob-has-background-overlay elementor-widget elementor-widget-heading\" data-id=\"64515b9\" data-element_type=\"widget\" data-e-type=\"widget\" data-settings=\"{&quot;_ob_use_harakiri&quot;:&quot;yes&quot;,&quot;_ob_harakiri_writing_mode&quot;:&quot;inherit&quot;,&quot;_ob_harakiri_text_clip&quot;:&quot;none&quot;,&quot;_ob_widget_stalker_use&quot;:&quot;no&quot;,&quot;_ob_poopart_use&quot;:&quot;yes&quot;,&quot;_ob_shadough_use&quot;:&quot;no&quot;,&quot;_ob_allow_hoveranimator&quot;:&quot;no&quot;}\" data-widget_type=\"heading.default\">\n\t\t\t\t<div class=\"elementor-widget-container\">\n\t\t\t\t\t<h3 class=\"elementor-heading-title elementor-size-default\">\u00bfQu\u00e9 es Firewise?<\/h3>\t\t\t\t<\/div>\n\t\t\t\t<\/div>\n\t\t\t\t<div class=\"elementor-element elementor-element-be5db10 ob-harakiri-inherit ob-has-background-overlay elementor-widget elementor-widget-text-editor\" data-id=\"be5db10\" data-element_type=\"widget\" data-e-type=\"widget\" data-settings=\"{&quot;_ob_use_harakiri&quot;:&quot;yes&quot;,&quot;_ob_harakiri_writing_mode&quot;:&quot;inherit&quot;,&quot;_ob_postman_use&quot;:&quot;no&quot;,&quot;_ob_widget_stalker_use&quot;:&quot;no&quot;,&quot;_ob_poopart_use&quot;:&quot;yes&quot;,&quot;_ob_shadough_use&quot;:&quot;no&quot;,&quot;_ob_allow_hoveranimator&quot;:&quot;no&quot;}\" data-widget_type=\"text-editor.default\">\n\t\t\t\t<div class=\"elementor-widget-container\">\n\t\t\t\t\t\t\t\t\t<p data-start=\"508\" data-end=\"808\"><a href=\"https:\/\/www.nfpa.org\/education-and-research\/wildfire\/firewise-usa?l=125\" target=\"_blank\" rel=\"noopener\">Firewise USA\u00ae<\/a> es un programa reconocido a nivel nacional que ayuda a las comunidades a prepararse y a ser m\u00e1s resistentes a los incendios forestales. En esencia, Firewise consiste en que <strong data-start=\"664\" data-end=\"708\">la gente se organice a nivel comunitario<\/strong> para comprender su riesgo local de incendio forestal y tomar medidas pr\u00e1cticas y factibles para reducirlo, todos juntos. <\/p><p data-start=\"810\" data-end=\"1109\">Firewise reconoce que los incendios forestales no se detienen en los l\u00edmites de la propiedad. Las casas, las carreteras de acceso, los espacios abiertos compartidos y las rutas de evacuaci\u00f3n est\u00e1n todos conectados. Firewise ayuda a las comunidades a pasar de la preocupaci\u00f3n individual a la <strong data-start=\"1016\" data-end=\"1037\">acci\u00f3n colectiva<\/strong>, construyendo barrios m\u00e1s seguros y relaciones m\u00e1s fuertes en el camino.  <\/p><p><span style=\"font-weight: 400;\">Trabajando juntos, los residentes eval\u00faan los riesgos de incendio forestal y aplican soluciones como:<\/span><\/p><ul><li style=\"font-weight: 400;\" aria-level=\"1\"><b>Crear un espacio defendible<\/b><span style=\"font-weight: 400;\"> alrededor de las casas retirando los materiales inflamables.<\/span><\/li><li style=\"font-weight: 400;\" aria-level=\"1\"><b>Endurecimiento de estructuras<\/b><span style=\"font-weight: 400;\"> con materiales resistentes al fuego.<\/span><\/li><li style=\"font-weight: 400;\" aria-level=\"1\"><b>Mejorar el acceso<\/b><span style=\"font-weight: 400;\"> para los intervinientes en emergencias.<\/span><\/li><li style=\"font-weight: 400;\" aria-level=\"1\"><b>Promover el paisajismo resistente al fuego<\/b><span style=\"font-weight: 400;\"> y la rehabilitaci\u00f3n de propiedades.<\/span><\/li><\/ul><p> <\/p><p><span style=\"font-weight: 400;\">Siguiendo estas directrices, las Comunidades Firewise no s\u00f3lo reducen el riesgo de da\u00f1os materiales durante un incendio forestal, sino que tambi\u00e9n mejoran la seguridad y la resistencia generales de la comunidad.<\/span><\/p>\t\t\t\t\t\t\t\t<\/div>\n\t\t\t\t<\/div>\n\t\t\t\t\t<\/div>\n\t\t\t\t<\/div>\n\t\t<div class=\"elementor-element elementor-element-fc4862c e-flex e-con-boxed e-con e-parent\" data-id=\"fc4862c\" data-element_type=\"container\" data-e-type=\"container\" data-settings=\"{&quot;_ob_use_container_extras&quot;:&quot;no&quot;,&quot;_ob_column_hoveranimator&quot;:&quot;no&quot;,&quot;_ob_glider_is_slider&quot;:&quot;no&quot;,&quot;_ob_column_has_pseudo&quot;:&quot;no&quot;}\">\n\t\t\t\t\t<div class=\"e-con-inner\">\n\t\t\t\t<div class=\"elementor-element elementor-element-8390613 ob-harakiri-inherit ob-has-background-overlay elementor-widget elementor-widget-heading\" data-id=\"8390613\" data-element_type=\"widget\" data-e-type=\"widget\" data-settings=\"{&quot;_ob_use_harakiri&quot;:&quot;yes&quot;,&quot;_ob_harakiri_writing_mode&quot;:&quot;inherit&quot;,&quot;_ob_harakiri_text_clip&quot;:&quot;none&quot;,&quot;_ob_widget_stalker_use&quot;:&quot;no&quot;,&quot;_ob_poopart_use&quot;:&quot;yes&quot;,&quot;_ob_shadough_use&quot;:&quot;no&quot;,&quot;_ob_allow_hoveranimator&quot;:&quot;no&quot;}\" data-widget_type=\"heading.default\">\n\t\t\t\t<div class=\"elementor-widget-container\">\n\t\t\t\t\t<h3 class=\"elementor-heading-title elementor-size-default\">C\u00f3mo ayudamos<\/h3>\t\t\t\t<\/div>\n\t\t\t\t<\/div>\n\t\t\t\t<div class=\"elementor-element elementor-element-b394de8 ob-harakiri-inherit ob-has-background-overlay elementor-widget elementor-widget-text-editor\" data-id=\"b394de8\" data-element_type=\"widget\" data-e-type=\"widget\" data-settings=\"{&quot;_ob_use_harakiri&quot;:&quot;yes&quot;,&quot;_ob_harakiri_writing_mode&quot;:&quot;inherit&quot;,&quot;_ob_postman_use&quot;:&quot;no&quot;,&quot;_ob_widget_stalker_use&quot;:&quot;no&quot;,&quot;_ob_poopart_use&quot;:&quot;yes&quot;,&quot;_ob_shadough_use&quot;:&quot;no&quot;,&quot;_ob_allow_hoveranimator&quot;:&quot;no&quot;}\" data-widget_type=\"text-editor.default\">\n\t\t\t\t<div class=\"elementor-widget-container\">\n\t\t\t\t\t\t\t\t\t<p data-start=\"2069\" data-end=\"2219\">En FRC, Firewise no es una lista de comprobaci\u00f3n ni una certificaci\u00f3n \u00fanica. Es un <strong data-start=\"2142\" data-end=\"2187\">proceso basado en las relaciones y dirigido por la comunidad<\/strong> que crea capacidad con el tiempo. <\/p>\t\t\t\t\t\t\t\t<\/div>\n\t\t\t\t<\/div>\n\t\t\t\t\t<\/div>\n\t\t\t\t<\/div>\n\t\t<div class=\"elementor-element elementor-element-6eeee3c e-flex e-con-boxed e-con e-parent\" data-id=\"6eeee3c\" data-element_type=\"container\" data-e-type=\"container\" data-settings=\"{&quot;_ob_use_container_extras&quot;:&quot;no&quot;,&quot;_ob_column_hoveranimator&quot;:&quot;no&quot;,&quot;_ob_glider_is_slider&quot;:&quot;no&quot;,&quot;_ob_column_has_pseudo&quot;:&quot;no&quot;}\">\n\t\t\t\t\t<div class=\"e-con-inner\">\n\t\t<div class=\"elementor-element elementor-element-25a49c5 e-con-full e-flex e-con e-child\" data-id=\"25a49c5\" data-element_type=\"container\" data-e-type=\"container\" data-settings=\"{&quot;_ob_use_container_extras&quot;:&quot;no&quot;,&quot;_ob_column_hoveranimator&quot;:&quot;no&quot;,&quot;_ob_glider_is_slider&quot;:&quot;no&quot;,&quot;_ob_column_has_pseudo&quot;:&quot;no&quot;}\">\n\t\t\t\t<div class=\"elementor-element elementor-element-d51a527 ob-harakiri-inherit ob-has-background-overlay elementor-widget elementor-widget-text-editor\" data-id=\"d51a527\" data-element_type=\"widget\" data-e-type=\"widget\" data-settings=\"{&quot;_ob_use_harakiri&quot;:&quot;yes&quot;,&quot;_ob_harakiri_writing_mode&quot;:&quot;inherit&quot;,&quot;_ob_postman_use&quot;:&quot;no&quot;,&quot;_ob_widget_stalker_use&quot;:&quot;no&quot;,&quot;_ob_poopart_use&quot;:&quot;yes&quot;,&quot;_ob_shadough_use&quot;:&quot;no&quot;,&quot;_ob_allow_hoveranimator&quot;:&quot;no&quot;}\" data-widget_type=\"text-editor.default\">\n\t\t\t\t<div class=\"elementor-widget-container\">\n\t\t\t\t\t\t\t\t\t<p data-start=\"2221\" data-end=\"2276\">Cuando trabajamos con una comunidad, nuestro papel incluye:<\/p><ul><li>Compromiso y organizaci\u00f3n de la comunidad (<strong><a href=\"https:\/\/firebrandcollective.org\/ready-now\/organize-your-community\/\">Sesi\u00f3n de Escucha Comunitaria<\/a><\/strong>)<\/li><li>Educaci\u00f3n sobre el riesgo de incendios forestales<\/li><li>Mapa de riesgos y recursos<\/li><li>Desarrollar un Plan de Acci\u00f3n Comunitario<\/li><li>Apoyar la aplicaci\u00f3n<\/li><li><strong><a href=\"https:\/\/firebrandcollective.org\/assessments\/\">Evaluaciones del riesgo de incendios forestales en el hogar<\/a><\/strong><\/li><\/ul><p data-start=\"4415\" data-end=\"4508\">Nuestro objetivo no es s\u00f3lo el reconocimiento Firewise, sino <strong data-start=\"4461\" data-end=\"4507\">la preparaci\u00f3n duradera de la comunidad frente a los incendios forestales<\/strong>.<\/p><p data-start=\"4415\" data-end=\"4508\">Env\u00edanos un correo electr\u00f3nico a <strong><a href=\"mailto:fireadapted@firebrandcollective.org\">fireadapted@firebrandcollective.org<\/a><\/strong> \u00a1para empezar hoy mismo tu viaje Firewise USA\u00ae!<\/p>\t\t\t\t\t\t\t\t<\/div>\n\t\t\t\t<\/div>\n\t\t\t\t<\/div>\n\t\t<div class=\"elementor-element elementor-element-dabdf97 e-con-full e-flex e-con e-child\" data-id=\"dabdf97\" data-element_type=\"container\" data-e-type=\"container\" data-settings=\"{&quot;_ob_use_container_extras&quot;:&quot;no&quot;,&quot;_ob_column_hoveranimator&quot;:&quot;no&quot;,&quot;_ob_glider_is_slider&quot;:&quot;no&quot;,&quot;_ob_column_has_pseudo&quot;:&quot;no&quot;}\">\n\t\t\t\t<div class=\"elementor-element elementor-element-d3552c5 ob-has-background-overlay elementor-widget elementor-widget-image\" data-id=\"d3552c5\" data-element_type=\"widget\" data-e-type=\"widget\" data-settings=\"{&quot;_ob_photomorph_use&quot;:&quot;no&quot;,&quot;_ob_widget_stalker_use&quot;:&quot;no&quot;,&quot;_ob_poopart_use&quot;:&quot;yes&quot;,&quot;_ob_shadough_use&quot;:&quot;no&quot;,&quot;_ob_allow_hoveranimator&quot;:&quot;no&quot;}\" data-widget_type=\"image.default\">\n\t\t\t\t<div class=\"elementor-widget-container\">\n\t\t\t\t\t\t\t\t\t\t\t\t\t\t\t<img fetchpriority=\"high\" decoding=\"async\" width=\"800\" height=\"600\" src=\"https:\/\/firebrandcollective.org\/wp-content\/uploads\/2024\/07\/MVE_Firewise_Official-1024x768.png\" class=\"attachment-large size-large wp-image-6640\" alt=\"\" srcset=\"https:\/\/firebrandcollective.org\/wp-content\/uploads\/2024\/07\/MVE_Firewise_Official-1024x768.png 1024w, https:\/\/firebrandcollective.org\/wp-content\/uploads\/2024\/07\/MVE_Firewise_Official-300x225.png 300w, https:\/\/firebrandcollective.org\/wp-content\/uploads\/2024\/07\/MVE_Firewise_Official-768x576.png 768w, https:\/\/firebrandcollective.org\/wp-content\/uploads\/2024\/07\/MVE_Firewise_Official-1536x1152.png 1536w, https:\/\/firebrandcollective.org\/wp-content\/uploads\/2024\/07\/MVE_Firewise_Official-2048x1536.png 2048w\" sizes=\"(max-width: 800px) 100vw, 800px\" \/>\t\t\t\t\t\t\t\t\t\t\t\t\t\t\t<\/div>\n\t\t\t\t<\/div>\n\t\t\t\t<div class=\"elementor-element elementor-element-2dd1b2c ob-harakiri-inherit ob-has-background-overlay elementor-widget elementor-widget-text-editor\" data-id=\"2dd1b2c\" data-element_type=\"widget\" data-e-type=\"widget\" data-settings=\"{&quot;_ob_use_harakiri&quot;:&quot;yes&quot;,&quot;_ob_harakiri_writing_mode&quot;:&quot;inherit&quot;,&quot;_ob_postman_use&quot;:&quot;no&quot;,&quot;_ob_widget_stalker_use&quot;:&quot;no&quot;,&quot;_ob_poopart_use&quot;:&quot;yes&quot;,&quot;_ob_shadough_use&quot;:&quot;no&quot;,&quot;_ob_allow_hoveranimator&quot;:&quot;no&quot;}\" data-widget_type=\"text-editor.default\">\n\t\t\t\t<div class=\"elementor-widget-container\">\n\t\t\t\t\t\t\t\t\t<p><em><a href=\"https:\/\/firebrandcollective.org\/loss-and-recovery-project\/storytelling\/\">Mountain View Estates<\/a>, en Talent, Oreg\u00f3n, fue el primer parque de casas prefabricadas en obtener la certificaci\u00f3n Firewise USA\u00ae dentro de la cicatriz del incendio de Almeda.<\/em><\/p>\t\t\t\t\t\t\t\t<\/div>\n\t\t\t\t<\/div>\n\t\t\t\t<\/div>\n\t\t\t\t\t<\/div>\n\t\t\t\t<\/div>\n\t\t<div class=\"elementor-element elementor-element-4ec53e1 e-flex e-con-boxed e-con e-parent\" data-id=\"4ec53e1\" data-element_type=\"container\" data-e-type=\"container\" data-settings=\"{&quot;_ob_use_container_extras&quot;:&quot;no&quot;,&quot;_ob_column_hoveranimator&quot;:&quot;no&quot;,&quot;_ob_glider_is_slider&quot;:&quot;no&quot;,&quot;_ob_column_has_pseudo&quot;:&quot;no&quot;}\">\n\t\t\t\t\t<div class=\"e-con-inner\">\n\t\t<div class=\"elementor-element elementor-element-28b4afb e-con-full e-flex e-con e-child\" data-id=\"28b4afb\" data-element_type=\"container\" data-e-type=\"container\" data-settings=\"{&quot;_ob_use_container_extras&quot;:&quot;no&quot;,&quot;_ob_column_hoveranimator&quot;:&quot;no&quot;,&quot;_ob_glider_is_slider&quot;:&quot;no&quot;,&quot;_ob_column_has_pseudo&quot;:&quot;no&quot;}\">\n\t\t\t\t<div class=\"elementor-element elementor-element-46c3ef7 ob-has-background-overlay elementor-widget elementor-widget-video\" data-id=\"46c3ef7\" data-element_type=\"widget\" data-e-type=\"widget\" data-settings=\"{&quot;youtube_url&quot;:&quot;https:\\\/\\\/youtu.be\\\/vL_syp1ZScM?si=gnkOcVO2oXKgpAF0&quot;,&quot;video_type&quot;:&quot;youtube&quot;,&quot;controls&quot;:&quot;yes&quot;,&quot;_ob_widget_stalker_use&quot;:&quot;no&quot;,&quot;_ob_poopart_use&quot;:&quot;yes&quot;,&quot;_ob_shadough_use&quot;:&quot;no&quot;,&quot;_ob_allow_hoveranimator&quot;:&quot;no&quot;}\" data-widget_type=\"video.default\">\n\t\t\t\t<div class=\"elementor-widget-container\">\n\t\t\t\t\t\t\t<div class=\"elementor-wrapper elementor-open-inline\">\n\t\t\t<div class=\"elementor-video\"><\/div>\t\t<\/div>\n\t\t\t\t\t\t<\/div>\n\t\t\t\t<\/div>\n\t\t\t\t<\/div>\n\t\t<div class=\"elementor-element elementor-element-250edf2 e-con-full e-flex e-con e-child\" data-id=\"250edf2\" data-element_type=\"container\" data-e-type=\"container\" data-settings=\"{&quot;_ob_use_container_extras&quot;:&quot;no&quot;,&quot;_ob_column_hoveranimator&quot;:&quot;no&quot;,&quot;_ob_glider_is_slider&quot;:&quot;no&quot;,&quot;_ob_column_has_pseudo&quot;:&quot;no&quot;}\">\n\t\t\t\t<div class=\"elementor-element elementor-element-1d8871e ob-harakiri-inherit ob-has-background-overlay elementor-widget elementor-widget-text-editor\" data-id=\"1d8871e\" data-element_type=\"widget\" data-e-type=\"widget\" data-settings=\"{&quot;_ob_use_harakiri&quot;:&quot;yes&quot;,&quot;_ob_harakiri_writing_mode&quot;:&quot;inherit&quot;,&quot;_ob_postman_use&quot;:&quot;no&quot;,&quot;_ob_widget_stalker_use&quot;:&quot;no&quot;,&quot;_ob_poopart_use&quot;:&quot;yes&quot;,&quot;_ob_shadough_use&quot;:&quot;no&quot;,&quot;_ob_allow_hoveranimator&quot;:&quot;no&quot;}\" data-widget_type=\"text-editor.default\">\n\t\t\t\t<div class=\"elementor-widget-container\">\n\t\t\t\t\t\t\t\t\t<p>Este v\u00eddeo de la NFPA explica muy bien algunos de los peligros de ignici\u00f3n en torno a las viviendas y destaca algunos de los puntos centrales del trabajo de mitigaci\u00f3n que promovemos a trav\u00e9s del programa Firewise USA\u00ae.<\/p>\t\t\t\t\t\t\t\t<\/div>\n\t\t\t\t<\/div>\n\t\t\t\t<\/div>\n\t\t\t\t\t<\/div>\n\t\t\t\t<\/div>\n\t\t\t\t<\/div>\n\t\t","protected":false},"excerpt":{"rendered":"<p>En Firebrand Resiliency Collective (FRC), estamos orgullosos de ser un coordinador regional certificado para el nacionalmente reconocido Programa Firewise USAun papel que nos permite ayudar a las comunidades del sur de Oreg\u00f3n a ser m\u00e1s resistentes frente a los incendios forestales. El Programa Firewise USA anima a los vecinos a trabajar juntos para reducir los [&hellip;]<\/p>\n","protected":false},"author":2,"featured_media":0,"parent":4358,"menu_order":0,"comment_status":"closed","ping_status":"closed","template":"","meta":{"_acf_changed":false,"give_campaign_id":0,"footnotes":""},"class_list":["post-6610","page","type-page","status-publish","hentry"],"acf":[],"campaignId":"","_links":{"self":[{"href":"https:\/\/firebrandcollective.org\/es\/wp-json\/wp\/v2\/pages\/6610","targetHints":{"allow":["GET"]}}],"collection":[{"href":"https:\/\/firebrandcollective.org\/es\/wp-json\/wp\/v2\/pages"}],"about":[{"href":"https:\/\/firebrandcollective.org\/es\/wp-json\/wp\/v2\/types\/page"}],"author":[{"embeddable":true,"href":"https:\/\/firebrandcollective.org\/es\/wp-json\/wp\/v2\/users\/2"}],"replies":[{"embeddable":true,"href":"https:\/\/firebrandcollective.org\/es\/wp-json\/wp\/v2\/comments?post=6610"}],"version-history":[{"count":3,"href":"https:\/\/firebrandcollective.org\/es\/wp-json\/wp\/v2\/pages\/6610\/revisions"}],"predecessor-version":[{"id":7497,"href":"https:\/\/firebrandcollective.org\/es\/wp-json\/wp\/v2\/pages\/6610\/revisions\/7497"}],"up":[{"embeddable":true,"href":"https:\/\/firebrandcollective.org\/es\/wp-json\/wp\/v2\/pages\/4358"}],"wp:attachment":[{"href":"https:\/\/firebrandcollective.org\/es\/wp-json\/wp\/v2\/media?parent=6610"}],"curies":[{"name":"wp","href":"https:\/\/api.w.org\/{rel}","templated":true}]}}