{"id":4286,"date":"2021-12-09T22:13:57","date_gmt":"2021-12-09T22:13:57","guid":{"rendered":"https:\/\/firebrandcollective.org\/apoye-nuestro-trabajo\/"},"modified":"2025-12-17T21:58:16","modified_gmt":"2025-12-17T21:58:16","slug":"apoye-nuestro-trabajo","status":"publish","type":"page","link":"https:\/\/firebrandcollective.org\/es\/apoye-nuestro-trabajo\/","title":{"rendered":"Apoye nuestro trabajo"},"content":{"rendered":"\t\t<div data-elementor-type=\"wp-page\" data-elementor-id=\"4286\" class=\"elementor elementor-4286 elementor-90\" data-elementor-post-type=\"page\">\n\t\t\t\t<div class=\"elementor-element elementor-element-1ac3559 e-flex e-con-boxed e-con e-parent\" data-id=\"1ac3559\" data-element_type=\"container\" data-e-type=\"container\" data-settings=\"{&quot;_ob_use_container_extras&quot;:&quot;no&quot;,&quot;_ob_column_hoveranimator&quot;:&quot;no&quot;,&quot;_ob_glider_is_slider&quot;:&quot;no&quot;,&quot;_ob_column_has_pseudo&quot;:&quot;no&quot;}\">\n\t\t\t\t\t<div class=\"e-con-inner\">\n\t\t<div class=\"elementor-element elementor-element-1bad20f e-con-full e-flex e-con e-child\" data-id=\"1bad20f\" data-element_type=\"container\" data-e-type=\"container\" data-settings=\"{&quot;_ob_use_container_extras&quot;:&quot;no&quot;,&quot;_ob_column_hoveranimator&quot;:&quot;no&quot;,&quot;_ob_glider_is_slider&quot;:&quot;no&quot;,&quot;_ob_column_has_pseudo&quot;:&quot;no&quot;}\">\n\t\t\t\t<div class=\"elementor-element elementor-element-93a6472 ob-has-background-overlay elementor-widget elementor-widget-image\" data-id=\"93a6472\" data-element_type=\"widget\" data-e-type=\"widget\" data-settings=\"{&quot;_ob_photomorph_use&quot;:&quot;no&quot;,&quot;_ob_widget_stalker_use&quot;:&quot;no&quot;,&quot;_ob_poopart_use&quot;:&quot;yes&quot;,&quot;_ob_shadough_use&quot;:&quot;no&quot;,&quot;_ob_allow_hoveranimator&quot;:&quot;no&quot;}\" data-widget_type=\"image.default\">\n\t\t\t\t<div class=\"elementor-widget-container\">\n\t\t\t\t\t\t\t\t\t\t\t\t\t\t\t<img fetchpriority=\"high\" decoding=\"async\" width=\"396\" height=\"1024\" src=\"https:\/\/firebrandcollective.org\/wp-content\/uploads\/2025\/12\/EOY-Flyer-1-396x1024.png\" class=\"attachment-large size-large wp-image-7434\" alt=\"\" srcset=\"https:\/\/firebrandcollective.org\/wp-content\/uploads\/2025\/12\/EOY-Flyer-1-396x1024.png 396w, https:\/\/firebrandcollective.org\/wp-content\/uploads\/2025\/12\/EOY-Flyer-1-116x300.png 116w, https:\/\/firebrandcollective.org\/wp-content\/uploads\/2025\/12\/EOY-Flyer-1-768x1987.png 768w, https:\/\/firebrandcollective.org\/wp-content\/uploads\/2025\/12\/EOY-Flyer-1-594x1536.png 594w, https:\/\/firebrandcollective.org\/wp-content\/uploads\/2025\/12\/EOY-Flyer-1.png 773w\" sizes=\"(max-width: 396px) 100vw, 396px\" \/>\t\t\t\t\t\t\t\t\t\t\t\t\t\t\t<\/div>\n\t\t\t\t<\/div>\n\t\t\t\t<div class=\"elementor-element elementor-element-ae5c7dc ob-has-background-overlay elementor-widget elementor-widget-image\" data-id=\"ae5c7dc\" data-element_type=\"widget\" data-e-type=\"widget\" data-settings=\"{&quot;_ob_photomorph_use&quot;:&quot;no&quot;,&quot;_ob_widget_stalker_use&quot;:&quot;no&quot;,&quot;_ob_poopart_use&quot;:&quot;yes&quot;,&quot;_ob_shadough_use&quot;:&quot;no&quot;,&quot;_ob_allow_hoveranimator&quot;:&quot;no&quot;}\" data-widget_type=\"image.default\">\n\t\t\t\t<div class=\"elementor-widget-container\">\n\t\t\t\t\t\t\t\t\t\t\t\t\t\t\t<img decoding=\"async\" width=\"396\" height=\"1024\" src=\"https:\/\/firebrandcollective.org\/wp-content\/uploads\/2025\/12\/EOY-Flyer-2-396x1024.png\" class=\"attachment-large size-large wp-image-7436\" alt=\"\" srcset=\"https:\/\/firebrandcollective.org\/wp-content\/uploads\/2025\/12\/EOY-Flyer-2-396x1024.png 396w, https:\/\/firebrandcollective.org\/wp-content\/uploads\/2025\/12\/EOY-Flyer-2-116x300.png 116w, https:\/\/firebrandcollective.org\/wp-content\/uploads\/2025\/12\/EOY-Flyer-2-768x1987.png 768w, https:\/\/firebrandcollective.org\/wp-content\/uploads\/2025\/12\/EOY-Flyer-2-594x1536.png 594w, https:\/\/firebrandcollective.org\/wp-content\/uploads\/2025\/12\/EOY-Flyer-2.png 773w\" sizes=\"(max-width: 396px) 100vw, 396px\" \/>\t\t\t\t\t\t\t\t\t\t\t\t\t\t\t<\/div>\n\t\t\t\t<\/div>\n\t\t\t\t<\/div>\n\t\t<div class=\"elementor-element elementor-element-e0a2aff e-con-full e-flex e-con e-child\" data-id=\"e0a2aff\" data-element_type=\"container\" data-e-type=\"container\" data-settings=\"{&quot;_ob_use_container_extras&quot;:&quot;no&quot;,&quot;_ob_column_hoveranimator&quot;:&quot;no&quot;,&quot;_ob_glider_is_slider&quot;:&quot;no&quot;,&quot;_ob_column_has_pseudo&quot;:&quot;no&quot;}\">\n\t\t<div class=\"elementor-element elementor-element-e575ea8 e-con-full e-flex e-con e-child\" data-id=\"e575ea8\" data-element_type=\"container\" data-e-type=\"container\" data-settings=\"{&quot;background_background&quot;:&quot;classic&quot;,&quot;_ob_use_container_extras&quot;:&quot;no&quot;,&quot;_ob_column_hoveranimator&quot;:&quot;no&quot;,&quot;_ob_glider_is_slider&quot;:&quot;no&quot;,&quot;_ob_column_has_pseudo&quot;:&quot;no&quot;}\">\n\t\t\t\t<div class=\"elementor-element elementor-element-ad33475 ob-harakiri-inherit ob-has-background-overlay elementor-widget elementor-widget-text-editor\" data-id=\"ad33475\" data-element_type=\"widget\" data-e-type=\"widget\" data-settings=\"{&quot;_ob_use_harakiri&quot;:&quot;yes&quot;,&quot;_ob_harakiri_writing_mode&quot;:&quot;inherit&quot;,&quot;_ob_postman_use&quot;:&quot;no&quot;,&quot;_ob_widget_stalker_use&quot;:&quot;no&quot;,&quot;_ob_poopart_use&quot;:&quot;yes&quot;,&quot;_ob_shadough_use&quot;:&quot;no&quot;,&quot;_ob_allow_hoveranimator&quot;:&quot;no&quot;}\" data-widget_type=\"text-editor.default\">\n\t\t\t\t<div class=\"elementor-widget-container\">\n\t\t\t\t\t\t\t\t\t<p><strong>NOTA IMPORTANTE:<\/strong><\/p>\t\t\t\t\t\t\t\t<\/div>\n\t\t\t\t<\/div>\n\t\t\t\t<div class=\"elementor-element elementor-element-94a8444 ob-harakiri-inherit ob-has-background-overlay elementor-widget elementor-widget-text-editor\" data-id=\"94a8444\" data-element_type=\"widget\" data-e-type=\"widget\" data-settings=\"{&quot;_ob_use_harakiri&quot;:&quot;yes&quot;,&quot;_ob_harakiri_writing_mode&quot;:&quot;inherit&quot;,&quot;_ob_postman_use&quot;:&quot;no&quot;,&quot;_ob_widget_stalker_use&quot;:&quot;no&quot;,&quot;_ob_poopart_use&quot;:&quot;yes&quot;,&quot;_ob_shadough_use&quot;:&quot;no&quot;,&quot;_ob_allow_hoveranimator&quot;:&quot;no&quot;}\" data-widget_type=\"text-editor.default\">\n\t\t\t\t<div class=\"elementor-widget-container\">\n\t\t\t\t\t\t\t\t\t<p><strong>NO<\/strong> tienes que donar m\u00e1s a Zeffy. Tras elegir el importe de tu donaci\u00f3n, el formulario a\u00f1ade por defecto una propina del 17% para <em>apoyar a Zeffy<\/em>. Para eliminarlo, simplemente selecciona el desplegable, elige \u00abOtro\u00bb e introduce 0$.<\/p>\t\t\t\t\t\t\t\t<\/div>\n\t\t\t\t<\/div>\n\t\t\t\t<\/div>\n\t\t\t\t<div class=\"elementor-element elementor-element-3443530 ob-has-background-overlay elementor-widget elementor-widget-html\" data-id=\"3443530\" data-element_type=\"widget\" data-e-type=\"widget\" data-settings=\"{&quot;_ob_widget_stalker_use&quot;:&quot;no&quot;,&quot;_ob_poopart_use&quot;:&quot;yes&quot;,&quot;_ob_shadough_use&quot;:&quot;no&quot;,&quot;_ob_allow_hoveranimator&quot;:&quot;no&quot;}\" data-widget_type=\"html.default\">\n\t\t\t\t<div class=\"elementor-widget-container\">\n\t\t\t\t\t<div style=\"position:relative;overflow:hidden;height:700px;width:100%;\"><iframe title=\"Formulario de donaci\u00f3n desarrollado por Zeffy\" style=\"position: absolute; border: 0; top:0;left:0;bottom:0;right:0;width:100%;height:100%\" src=\"https:\/\/www.zeffy.com\/embed\/donation-form\/donate-to-make-a-difference-6241\" allowpaymentrequest=\"\" allowtransparency=\"true\"><\/iframe><\/div>\t\t\t\t<\/div>\n\t\t\t\t<\/div>\n\t\t\t\t<div class=\"elementor-element elementor-element-c29cddc elementor-widget-divider--view-line ob-has-background-overlay elementor-widget elementor-widget-divider\" data-id=\"c29cddc\" data-element_type=\"widget\" data-e-type=\"widget\" data-settings=\"{&quot;_ob_widget_stalker_use&quot;:&quot;no&quot;,&quot;_ob_poopart_use&quot;:&quot;yes&quot;,&quot;_ob_shadough_use&quot;:&quot;no&quot;,&quot;_ob_allow_hoveranimator&quot;:&quot;no&quot;}\" data-widget_type=\"divider.default\">\n\t\t\t\t<div class=\"elementor-widget-container\">\n\t\t\t\t\t\t\t<div class=\"elementor-divider\">\n\t\t\t<span class=\"elementor-divider-separator\">\n\t\t\t\t\t\t<\/span>\n\t\t<\/div>\n\t\t\t\t\t\t<\/div>\n\t\t\t\t<\/div>\n\t\t\t\t<div class=\"elementor-element elementor-element-fde2671 ob-has-background-overlay elementor-widget elementor-widget-html\" data-id=\"fde2671\" data-element_type=\"widget\" data-e-type=\"widget\" data-settings=\"{&quot;_ob_widget_stalker_use&quot;:&quot;no&quot;,&quot;_ob_poopart_use&quot;:&quot;yes&quot;,&quot;_ob_shadough_use&quot;:&quot;no&quot;,&quot;_ob_allow_hoveranimator&quot;:&quot;no&quot;}\" data-widget_type=\"html.default\">\n\t\t\t\t<div class=\"elementor-widget-container\">\n\t\t\t\t\t<iframe src=\"https:\/\/docs.google.com\/forms\/d\/e\/1FAIpQLSf6USaPQkLxu-ZdYXuUJMtAfOKJONQyHvkZElGVnjy8vYLOAA\/viewform?embedded=true\" width=\"640\" height=\"1060\" frameborder=\"0\" marginheight=\"0\" marginwidth=\"0\">Cargando...<\/iframe>\t\t\t\t<\/div>\n\t\t\t\t<\/div>\n\t\t\t\t<\/div>\n\t\t\t\t\t<\/div>\n\t\t\t\t<\/div>\n\t\t<div class=\"elementor-element elementor-element-4131a11 e-flex e-con-boxed e-con e-parent\" data-id=\"4131a11\" data-element_type=\"container\" data-e-type=\"container\" data-settings=\"{&quot;_ob_use_container_extras&quot;:&quot;no&quot;,&quot;_ob_column_hoveranimator&quot;:&quot;no&quot;,&quot;_ob_glider_is_slider&quot;:&quot;no&quot;,&quot;_ob_column_has_pseudo&quot;:&quot;no&quot;}\">\n\t\t\t\t\t<div class=\"e-con-inner\">\n\t\t<div class=\"elementor-element elementor-element-fccc120 e-con-full e-flex e-con e-child\" data-id=\"fccc120\" data-element_type=\"container\" data-e-type=\"container\" data-settings=\"{&quot;background_background&quot;:&quot;classic&quot;,&quot;_ob_use_container_extras&quot;:&quot;no&quot;,&quot;_ob_column_hoveranimator&quot;:&quot;no&quot;,&quot;_ob_glider_is_slider&quot;:&quot;no&quot;,&quot;_ob_column_has_pseudo&quot;:&quot;no&quot;}\">\n\t\t\t\t<div class=\"elementor-element elementor-element-84ecf26 ob-harakiri-inherit ob-has-background-overlay elementor-widget elementor-widget-text-editor\" data-id=\"84ecf26\" data-element_type=\"widget\" data-e-type=\"widget\" data-settings=\"{&quot;_ob_use_harakiri&quot;:&quot;yes&quot;,&quot;_ob_harakiri_writing_mode&quot;:&quot;inherit&quot;,&quot;_ob_postman_use&quot;:&quot;no&quot;,&quot;_ob_widget_stalker_use&quot;:&quot;no&quot;,&quot;_ob_poopart_use&quot;:&quot;yes&quot;,&quot;_ob_shadough_use&quot;:&quot;no&quot;,&quot;_ob_allow_hoveranimator&quot;:&quot;no&quot;}\" data-widget_type=\"text-editor.default\">\n\t\t\t\t<div class=\"elementor-widget-container\">\n\t\t\t\t\t\t\t\t\t<p>En Firebrand, sabemos que la resiliencia de la comunidad es una calle de doble sentido: dependemos de tu generosidad para hacer este trabajo y, a cambio, cada donaci\u00f3n nos permite seguir apareciendo por nuestra comunidad de formas significativas. Juntos, estamos dando pasos incre\u00edbles hacia la resiliencia frente a los incendios forestales dirigida por la comunidad, y por ello, \u00a1queremos daros <strong>las gracias!<\/strong><\/p><p>Con tu apoyo, hemos logrado profundos impactos. Por nombrar s\u00f3lo algunos:<\/p><ul><li><strong>Hemos organizado m\u00e1s de 6.700 conversaciones de apoyo con supervivientes de incendios forestales<\/strong><\/li><\/ul><div><b> <\/b><\/div><ul><li><strong>Ayudamos a m\u00e1s de 500 personas a acceder a financiaci\u00f3n para reconstruir sus viviendas<\/strong><\/li><\/ul><div><b> <\/b><\/div><ul><li><strong>FRC est\u00e1 apoyando actualmente a 800 hogares en su camino hacia la resiliencia ante los incendios forestales, \u00a1y cada d\u00eda son m\u00e1s!<\/strong><\/li><\/ul><div><b> <\/b><\/div><p>\u00a1Gracias por ayudarnos a seguir teniendo un impacto en nuestra comunidad!<\/p>\t\t\t\t\t\t\t\t<\/div>\n\t\t\t\t<\/div>\n\t\t\t\t<\/div>\n\t\t\t\t\t<\/div>\n\t\t\t\t<\/div>\n\t\t<div class=\"elementor-element elementor-element-82da209 e-grid e-con-boxed e-con e-parent\" data-id=\"82da209\" data-element_type=\"container\" data-e-type=\"container\" data-settings=\"{&quot;_ob_use_container_extras&quot;:&quot;no&quot;,&quot;_ob_column_hoveranimator&quot;:&quot;no&quot;,&quot;_ob_glider_is_slider&quot;:&quot;no&quot;,&quot;_ob_column_has_pseudo&quot;:&quot;no&quot;}\">\n\t\t\t\t\t<div class=\"e-con-inner\">\n\t\t\t\t<div class=\"elementor-element elementor-element-b0936fb ob-has-background-overlay elementor-widget elementor-widget-image\" data-id=\"b0936fb\" data-element_type=\"widget\" data-e-type=\"widget\" data-settings=\"{&quot;_ob_photomorph_use&quot;:&quot;no&quot;,&quot;_ob_widget_stalker_use&quot;:&quot;no&quot;,&quot;_ob_poopart_use&quot;:&quot;yes&quot;,&quot;_ob_shadough_use&quot;:&quot;no&quot;,&quot;_ob_allow_hoveranimator&quot;:&quot;no&quot;}\" data-widget_type=\"image.default\">\n\t\t\t\t<div class=\"elementor-widget-container\">\n\t\t\t\t\t\t\t\t\t\t\t\t\t\t\t<img decoding=\"async\" width=\"800\" height=\"800\" src=\"https:\/\/firebrandcollective.org\/wp-content\/uploads\/2024\/11\/Glenwood.png\" class=\"attachment-large size-large wp-image-6883\" alt=\"\" srcset=\"https:\/\/firebrandcollective.org\/wp-content\/uploads\/2024\/11\/Glenwood.png 800w, https:\/\/firebrandcollective.org\/wp-content\/uploads\/2024\/11\/Glenwood-300x300.png 300w, https:\/\/firebrandcollective.org\/wp-content\/uploads\/2024\/11\/Glenwood-150x150.png 150w, https:\/\/firebrandcollective.org\/wp-content\/uploads\/2024\/11\/Glenwood-768x768.png 768w\" sizes=\"(max-width: 800px) 100vw, 800px\" \/>\t\t\t\t\t\t\t\t\t\t\t\t\t\t\t<\/div>\n\t\t\t\t<\/div>\n\t\t\t\t<div class=\"elementor-element elementor-element-78be5db ob-has-background-overlay elementor-widget elementor-widget-image\" data-id=\"78be5db\" data-element_type=\"widget\" data-e-type=\"widget\" data-settings=\"{&quot;_ob_photomorph_use&quot;:&quot;no&quot;,&quot;_ob_widget_stalker_use&quot;:&quot;no&quot;,&quot;_ob_poopart_use&quot;:&quot;yes&quot;,&quot;_ob_shadough_use&quot;:&quot;no&quot;,&quot;_ob_allow_hoveranimator&quot;:&quot;no&quot;}\" data-widget_type=\"image.default\">\n\t\t\t\t<div class=\"elementor-widget-container\">\n\t\t\t\t\t\t\t\t\t\t\t\t\t\t\t<img loading=\"lazy\" decoding=\"async\" width=\"800\" height=\"800\" src=\"https:\/\/firebrandcollective.org\/wp-content\/uploads\/2024\/11\/MVE-Firewise.png\" class=\"attachment-large size-large wp-image-6880\" alt=\"\" srcset=\"https:\/\/firebrandcollective.org\/wp-content\/uploads\/2024\/11\/MVE-Firewise.png 800w, https:\/\/firebrandcollective.org\/wp-content\/uploads\/2024\/11\/MVE-Firewise-300x300.png 300w, https:\/\/firebrandcollective.org\/wp-content\/uploads\/2024\/11\/MVE-Firewise-150x150.png 150w, https:\/\/firebrandcollective.org\/wp-content\/uploads\/2024\/11\/MVE-Firewise-768x768.png 768w\" sizes=\"(max-width: 800px) 100vw, 800px\" \/>\t\t\t\t\t\t\t\t\t\t\t\t\t\t\t<\/div>\n\t\t\t\t<\/div>\n\t\t\t\t<div class=\"elementor-element elementor-element-53c2da8 ob-has-background-overlay elementor-widget elementor-widget-image\" data-id=\"53c2da8\" data-element_type=\"widget\" data-e-type=\"widget\" data-settings=\"{&quot;_ob_photomorph_use&quot;:&quot;no&quot;,&quot;_ob_widget_stalker_use&quot;:&quot;no&quot;,&quot;_ob_poopart_use&quot;:&quot;yes&quot;,&quot;_ob_shadough_use&quot;:&quot;no&quot;,&quot;_ob_allow_hoveranimator&quot;:&quot;no&quot;}\" data-widget_type=\"image.default\">\n\t\t\t\t<div class=\"elementor-widget-container\">\n\t\t\t\t\t\t\t\t\t\t\t\t\t\t\t<img loading=\"lazy\" decoding=\"async\" width=\"800\" height=\"800\" src=\"https:\/\/firebrandcollective.org\/wp-content\/uploads\/2025\/12\/Bus-Tour-SQ-1024x1024.png\" class=\"attachment-large size-large wp-image-7440\" alt=\"\" srcset=\"https:\/\/firebrandcollective.org\/wp-content\/uploads\/2025\/12\/Bus-Tour-SQ-1024x1024.png 1024w, https:\/\/firebrandcollective.org\/wp-content\/uploads\/2025\/12\/Bus-Tour-SQ-300x300.png 300w, https:\/\/firebrandcollective.org\/wp-content\/uploads\/2025\/12\/Bus-Tour-SQ-150x150.png 150w, https:\/\/firebrandcollective.org\/wp-content\/uploads\/2025\/12\/Bus-Tour-SQ-768x768.png 768w, https:\/\/firebrandcollective.org\/wp-content\/uploads\/2025\/12\/Bus-Tour-SQ.png 1080w\" sizes=\"(max-width: 800px) 100vw, 800px\" \/>\t\t\t\t\t\t\t\t\t\t\t\t\t\t\t<\/div>\n\t\t\t\t<\/div>\n\t\t\t\t<div class=\"elementor-element elementor-element-99b8373 ob-has-background-overlay elementor-widget elementor-widget-image\" data-id=\"99b8373\" data-element_type=\"widget\" data-e-type=\"widget\" data-settings=\"{&quot;_ob_photomorph_use&quot;:&quot;no&quot;,&quot;_ob_widget_stalker_use&quot;:&quot;no&quot;,&quot;_ob_poopart_use&quot;:&quot;yes&quot;,&quot;_ob_shadough_use&quot;:&quot;no&quot;,&quot;_ob_allow_hoveranimator&quot;:&quot;no&quot;}\" data-widget_type=\"image.default\">\n\t\t\t\t<div class=\"elementor-widget-container\">\n\t\t\t\t\t\t\t\t\t\t\t\t\t\t\t<img loading=\"lazy\" decoding=\"async\" width=\"800\" height=\"800\" src=\"https:\/\/firebrandcollective.org\/wp-content\/uploads\/2024\/11\/Cass-Breauna-RISE.png\" class=\"attachment-large size-large wp-image-6867\" alt=\"\" srcset=\"https:\/\/firebrandcollective.org\/wp-content\/uploads\/2024\/11\/Cass-Breauna-RISE.png 800w, https:\/\/firebrandcollective.org\/wp-content\/uploads\/2024\/11\/Cass-Breauna-RISE-300x300.png 300w, https:\/\/firebrandcollective.org\/wp-content\/uploads\/2024\/11\/Cass-Breauna-RISE-150x150.png 150w, https:\/\/firebrandcollective.org\/wp-content\/uploads\/2024\/11\/Cass-Breauna-RISE-768x768.png 768w\" sizes=\"(max-width: 800px) 100vw, 800px\" \/>\t\t\t\t\t\t\t\t\t\t\t\t\t\t\t<\/div>\n\t\t\t\t<\/div>\n\t\t\t\t<div class=\"elementor-element elementor-element-958c866 ob-has-background-overlay elementor-widget elementor-widget-image\" data-id=\"958c866\" data-element_type=\"widget\" data-e-type=\"widget\" data-settings=\"{&quot;_ob_photomorph_use&quot;:&quot;no&quot;,&quot;_ob_widget_stalker_use&quot;:&quot;no&quot;,&quot;_ob_poopart_use&quot;:&quot;yes&quot;,&quot;_ob_shadough_use&quot;:&quot;no&quot;,&quot;_ob_allow_hoveranimator&quot;:&quot;no&quot;}\" data-widget_type=\"image.default\">\n\t\t\t\t<div class=\"elementor-widget-container\">\n\t\t\t\t\t\t\t\t\t\t\t\t\t\t\t<img loading=\"lazy\" decoding=\"async\" width=\"800\" height=\"800\" src=\"https:\/\/firebrandcollective.org\/wp-content\/uploads\/2025\/12\/ASSESS-3-SQ-1024x1024.png\" class=\"attachment-large size-large wp-image-7438\" alt=\"\" srcset=\"https:\/\/firebrandcollective.org\/wp-content\/uploads\/2025\/12\/ASSESS-3-SQ-1024x1024.png 1024w, https:\/\/firebrandcollective.org\/wp-content\/uploads\/2025\/12\/ASSESS-3-SQ-300x300.png 300w, https:\/\/firebrandcollective.org\/wp-content\/uploads\/2025\/12\/ASSESS-3-SQ-150x150.png 150w, https:\/\/firebrandcollective.org\/wp-content\/uploads\/2025\/12\/ASSESS-3-SQ-768x768.png 768w, https:\/\/firebrandcollective.org\/wp-content\/uploads\/2025\/12\/ASSESS-3-SQ.png 1080w\" sizes=\"(max-width: 800px) 100vw, 800px\" \/>\t\t\t\t\t\t\t\t\t\t\t\t\t\t\t<\/div>\n\t\t\t\t<\/div>\n\t\t\t\t<div class=\"elementor-element elementor-element-9763793 ob-has-background-overlay elementor-widget elementor-widget-image\" data-id=\"9763793\" data-element_type=\"widget\" data-e-type=\"widget\" data-settings=\"{&quot;_ob_photomorph_use&quot;:&quot;no&quot;,&quot;_ob_widget_stalker_use&quot;:&quot;no&quot;,&quot;_ob_poopart_use&quot;:&quot;yes&quot;,&quot;_ob_shadough_use&quot;:&quot;no&quot;,&quot;_ob_allow_hoveranimator&quot;:&quot;no&quot;}\" data-widget_type=\"image.default\">\n\t\t\t\t<div class=\"elementor-widget-container\">\n\t\t\t\t\t\t\t\t\t\t\t\t\t\t\t<img loading=\"lazy\" decoding=\"async\" width=\"800\" height=\"800\" src=\"https:\/\/firebrandcollective.org\/wp-content\/uploads\/2024\/11\/Firewise-Anderson-Creek.png\" class=\"attachment-large size-large wp-image-6878\" alt=\"\" srcset=\"https:\/\/firebrandcollective.org\/wp-content\/uploads\/2024\/11\/Firewise-Anderson-Creek.png 800w, https:\/\/firebrandcollective.org\/wp-content\/uploads\/2024\/11\/Firewise-Anderson-Creek-300x300.png 300w, https:\/\/firebrandcollective.org\/wp-content\/uploads\/2024\/11\/Firewise-Anderson-Creek-150x150.png 150w, https:\/\/firebrandcollective.org\/wp-content\/uploads\/2024\/11\/Firewise-Anderson-Creek-768x768.png 768w\" sizes=\"(max-width: 800px) 100vw, 800px\" \/>\t\t\t\t\t\t\t\t\t\t\t\t\t\t\t<\/div>\n\t\t\t\t<\/div>\n\t\t\t\t\t<\/div>\n\t\t\t\t<\/div>\n\t\t\t\t<\/div>\n\t\t","protected":false},"excerpt":{"rendered":"<p>NOTA IMPORTANTE: NO tienes que donar m\u00e1s a Zeffy. Tras elegir el importe de tu donaci\u00f3n, el formulario a\u00f1ade por defecto una propina del 17% para apoyar a Zeffy. Para eliminarlo, simplemente selecciona el desplegable, elige \u00abOtro\u00bb e introduce 0$. Cargando&#8230; En Firebrand, sabemos que la resiliencia de la comunidad es una calle de doble [&hellip;]<\/p>\n","protected":false},"author":1,"featured_media":0,"parent":0,"menu_order":20,"comment_status":"closed","ping_status":"closed","template":"","meta":{"_acf_changed":false,"give_campaign_id":0,"footnotes":""},"class_list":["post-4286","page","type-page","status-publish","hentry"],"acf":[],"campaignId":"","_links":{"self":[{"href":"https:\/\/firebrandcollective.org\/es\/wp-json\/wp\/v2\/pages\/4286","targetHints":{"allow":["GET"]}}],"collection":[{"href":"https:\/\/firebrandcollective.org\/es\/wp-json\/wp\/v2\/pages"}],"about":[{"href":"https:\/\/firebrandcollective.org\/es\/wp-json\/wp\/v2\/types\/page"}],"author":[{"embeddable":true,"href":"https:\/\/firebrandcollective.org\/es\/wp-json\/wp\/v2\/users\/1"}],"replies":[{"embeddable":true,"href":"https:\/\/firebrandcollective.org\/es\/wp-json\/wp\/v2\/comments?post=4286"}],"version-history":[{"count":5,"href":"https:\/\/firebrandcollective.org\/es\/wp-json\/wp\/v2\/pages\/4286\/revisions"}],"predecessor-version":[{"id":7454,"href":"https:\/\/firebrandcollective.org\/es\/wp-json\/wp\/v2\/pages\/4286\/revisions\/7454"}],"wp:attachment":[{"href":"https:\/\/firebrandcollective.org\/es\/wp-json\/wp\/v2\/media?parent=4286"}],"curies":[{"name":"wp","href":"https:\/\/api.w.org\/{rel}","templated":true}]}}