{"id":4283,"date":"2021-12-09T17:48:27","date_gmt":"2021-12-09T17:48:27","guid":{"rendered":"https:\/\/firebrandcollective.org\/4283-2\/"},"modified":"2023-10-22T21:58:11","modified_gmt":"2023-10-22T21:58:11","slug":"4283-2","status":"publish","type":"page","link":"https:\/\/firebrandcollective.org\/es\/proyecto-de-perdidas-y-recuperacion-tras-el-incendio-de-almeda\/4283-2\/","title":{"rendered":"Contar historias con un prop\u00f3sito"},"content":{"rendered":"\t\t<div data-elementor-type=\"wp-page\" data-elementor-id=\"4283\" class=\"elementor elementor-4283 elementor-2\" data-elementor-post-type=\"page\">\n\t\t\t\t\t\t<section class=\"elementor-section elementor-top-section elementor-element elementor-element-7f41310 elementor-section-boxed elementor-section-height-default elementor-section-height-default\" data-id=\"7f41310\" data-element_type=\"section\" data-e-type=\"section\" data-settings=\"{&quot;_ob_glider_is_slider&quot;:&quot;no&quot;}\">\n\t\t\t\t\t\t<div class=\"elementor-container elementor-column-gap-default\">\n\t\t\t\t\t<div class=\"elementor-column elementor-col-100 elementor-top-column elementor-element elementor-element-960d1c2\" data-id=\"960d1c2\" data-element_type=\"column\" data-e-type=\"column\" data-settings=\"{&quot;_ob_column_hoveranimator&quot;:&quot;no&quot;,&quot;_ob_column_has_pseudo&quot;:&quot;no&quot;}\">\n\t\t\t<div class=\"elementor-widget-wrap elementor-element-populated\">\n\t\t\t\t\t\t<div class=\"elementor-element elementor-element-a0659c5 ob-harakiri-inherit ob-has-background-overlay elementor-widget elementor-widget-text-editor\" data-id=\"a0659c5\" data-element_type=\"widget\" data-e-type=\"widget\" data-settings=\"{&quot;_ob_use_harakiri&quot;:&quot;yes&quot;,&quot;_ob_harakiri_writing_mode&quot;:&quot;inherit&quot;,&quot;_ob_postman_use&quot;:&quot;no&quot;,&quot;_ob_widget_stalker_use&quot;:&quot;no&quot;,&quot;_ob_poopart_use&quot;:&quot;yes&quot;,&quot;_ob_shadough_use&quot;:&quot;no&quot;,&quot;_ob_allow_hoveranimator&quot;:&quot;no&quot;}\" data-widget_type=\"text-editor.default\">\n\t\t\t\t<div class=\"elementor-widget-container\">\n\t\t\t\t\t\t\t\t\t<p><span style=\"font-weight: 400;\">Nuestros StoryMaps multimedia exploran el pasado, el presente y el futuro de nuestra recuperaci\u00f3n local, y los esfuerzos que estamos realizando para estar mejor preparados ante la pr\u00f3xima cat\u00e1strofe. Gracias a las funciones exclusivas del Cuadro de mando de p\u00e9rdidas y recuperaci\u00f3n tras incendios de Almeda, se pueden conocer mejor los datos, como patrones, relaciones y situaciones.  <\/span><i><span style=\"font-weight: 400;\">\u00bfPor qu\u00e9 algunos barrios se recuperan m\u00e1s r\u00e1pidamente que otros? \u00bfHay gente que se est\u00e1 quedando atr\u00e1s? \u00bfQu\u00e9 podemos hacer para cambiarlo?  <\/span><\/i><span style=\"font-weight: 400;\">El objetivo de nuestra narraci\u00f3n es contextualizar estas tendencias generales de recuperaci\u00f3n, poner de manifiesto los obst\u00e1culos concretos a los que se enfrentan las personas en las cat\u00e1strofes y destacar los recursos a los que pueden acceder para beneficiarse de su recuperaci\u00f3n.  <\/span><\/p>\n<p><span style=\"font-weight: 400;\">Mediante historias basadas en datos con una conexi\u00f3n humana, esperamos permitir que los supervivientes se vean a s\u00ed mismos como agentes de su propio destino, ayudar a las partes interesadas a tomar decisiones m\u00e1s informadas e implicar a quienes no se vieron afectados por el incendio en el largo proceso de recuperaci\u00f3n.  <\/span><\/p>\n<p><span style=\"font-weight: 400;\">Los StoryMaps informativos implican un largo proceso de investigaci\u00f3n, redacci\u00f3n y creaci\u00f3n de medios, pero vuelva a visitarnos a menudo porque siempre estamos trabajando en algo nuevo. Mientras tanto, puede seguir las historias de recuperaci\u00f3n de un parque de viviendas prefabricadas, o enterarse de c\u00f3mo creamos el Panel de P\u00e9rdidas y Recuperaci\u00f3n junto con nuestro <a href=\"https:\/\/firebrandcollective.org\/zone-captains\/\">programa Capitanes de<\/a> Zona.  <\/span><\/p>\n\t\t\t\t\t\t\t\t<\/div>\n\t\t\t\t<\/div>\n\t\t\t\t<div class=\"elementor-element elementor-element-891065e ob-has-background-overlay elementor-widget elementor-widget-spacer\" data-id=\"891065e\" data-element_type=\"widget\" data-e-type=\"widget\" data-settings=\"{&quot;_ob_spacerat_use&quot;:&quot;no&quot;,&quot;_ob_widget_stalker_use&quot;:&quot;no&quot;,&quot;_ob_poopart_use&quot;:&quot;yes&quot;,&quot;_ob_shadough_use&quot;:&quot;no&quot;,&quot;_ob_allow_hoveranimator&quot;:&quot;no&quot;}\" data-widget_type=\"spacer.default\">\n\t\t\t\t<div class=\"elementor-widget-container\">\n\t\t\t\t\t\t\t<div class=\"elementor-spacer\">\n\t\t\t<div class=\"elementor-spacer-inner\"><\/div>\n\t\t<\/div>\n\t\t\t\t\t\t<\/div>\n\t\t\t\t<\/div>\n\t\t\t\t<div class=\"elementor-element elementor-element-b043309 ob-harakiri-inherit ob-has-background-overlay elementor-widget elementor-widget-heading\" data-id=\"b043309\" data-element_type=\"widget\" data-e-type=\"widget\" data-settings=\"{&quot;_ob_use_harakiri&quot;:&quot;yes&quot;,&quot;_ob_harakiri_writing_mode&quot;:&quot;inherit&quot;,&quot;_ob_harakiri_text_clip&quot;:&quot;none&quot;,&quot;_ob_widget_stalker_use&quot;:&quot;no&quot;,&quot;_ob_poopart_use&quot;:&quot;yes&quot;,&quot;_ob_shadough_use&quot;:&quot;no&quot;,&quot;_ob_allow_hoveranimator&quot;:&quot;no&quot;}\" data-widget_type=\"heading.default\">\n\t\t\t\t<div class=\"elementor-widget-container\">\n\t\t\t\t\t<h2 class=\"elementor-heading-title elementor-size-default\">Mapa argumental de Mountain View Estates<\/h2>\t\t\t\t<\/div>\n\t\t\t\t<\/div>\n\t\t\t\t<div class=\"elementor-element elementor-element-dab6a7b ob-harakiri-inherit ob-has-background-overlay elementor-widget elementor-widget-text-editor\" data-id=\"dab6a7b\" data-element_type=\"widget\" data-e-type=\"widget\" data-settings=\"{&quot;_ob_use_harakiri&quot;:&quot;yes&quot;,&quot;_ob_harakiri_writing_mode&quot;:&quot;inherit&quot;,&quot;_ob_postman_use&quot;:&quot;no&quot;,&quot;_ob_widget_stalker_use&quot;:&quot;no&quot;,&quot;_ob_poopart_use&quot;:&quot;yes&quot;,&quot;_ob_shadough_use&quot;:&quot;no&quot;,&quot;_ob_allow_hoveranimator&quot;:&quot;no&quot;}\" data-widget_type=\"text-editor.default\">\n\t\t\t\t<div class=\"elementor-widget-container\">\n\t\t\t\t\t\t\t\t\t<p><span style=\"font-weight: 400;\">Dos a\u00f1os despu\u00e9s, las comunidades de mayores de 55 a\u00f1os afectadas por el incendio de Almeda se han enfrentado a numerosos obst\u00e1culos para su recuperaci\u00f3n. Aunque un gran n\u00famero de residentes de la tercera edad esperan regresar, el \u00edndice de \u00e9xito ha sido desigual, especialmente en los numerosos parques de viviendas prefabricadas que los acog\u00edan. Ahora se dispone de nuevos recursos que pueden ayudar a los residentes a superar esas barreras. En este StoryMap, nos fijamos en una comunidad de mayores, Mountain View Estates, para ilustrar las dificultades a las que se enfrenta la gente -y la determinaci\u00f3n que demuestran- al intentar mantener intacta su comunidad.<\/span><\/p>\n\t\t\t\t\t\t\t\t<\/div>\n\t\t\t\t<\/div>\n\t\t\t\t<div class=\"elementor-element elementor-element-14ed20c ob-has-background-overlay elementor-widget elementor-widget-html\" data-id=\"14ed20c\" data-element_type=\"widget\" data-e-type=\"widget\" data-settings=\"{&quot;_ob_widget_stalker_use&quot;:&quot;no&quot;,&quot;_ob_poopart_use&quot;:&quot;yes&quot;,&quot;_ob_shadough_use&quot;:&quot;no&quot;,&quot;_ob_allow_hoveranimator&quot;:&quot;no&quot;}\" data-widget_type=\"html.default\">\n\t\t\t\t<div class=\"elementor-widget-container\">\n\t\t\t\t\t<iframe src=\"https:\/\/storymaps.arcgis.com\/stories\/2e0346d538444551afec5f1bb050879c\" width=\"100%\" height=\"500px\" frameborder=\"0\" allowfullscreen=\"\" allow=\"geolocation\"><\/iframe>\t\t\t\t<\/div>\n\t\t\t\t<\/div>\n\t\t\t\t<div class=\"elementor-element elementor-element-857f113 ob-has-background-overlay elementor-widget elementor-widget-spacer\" data-id=\"857f113\" data-element_type=\"widget\" data-e-type=\"widget\" data-settings=\"{&quot;_ob_spacerat_use&quot;:&quot;no&quot;,&quot;_ob_widget_stalker_use&quot;:&quot;no&quot;,&quot;_ob_poopart_use&quot;:&quot;yes&quot;,&quot;_ob_shadough_use&quot;:&quot;no&quot;,&quot;_ob_allow_hoveranimator&quot;:&quot;no&quot;}\" data-widget_type=\"spacer.default\">\n\t\t\t\t<div class=\"elementor-widget-container\">\n\t\t\t\t\t\t\t<div class=\"elementor-spacer\">\n\t\t\t<div class=\"elementor-spacer-inner\"><\/div>\n\t\t<\/div>\n\t\t\t\t\t\t<\/div>\n\t\t\t\t<\/div>\n\t\t\t\t<div class=\"elementor-element elementor-element-c8babeb ob-harakiri-inherit ob-has-background-overlay elementor-widget elementor-widget-heading\" data-id=\"c8babeb\" data-element_type=\"widget\" data-e-type=\"widget\" data-settings=\"{&quot;_ob_use_harakiri&quot;:&quot;yes&quot;,&quot;_ob_harakiri_writing_mode&quot;:&quot;inherit&quot;,&quot;_ob_harakiri_text_clip&quot;:&quot;none&quot;,&quot;_ob_widget_stalker_use&quot;:&quot;no&quot;,&quot;_ob_poopart_use&quot;:&quot;yes&quot;,&quot;_ob_shadough_use&quot;:&quot;no&quot;,&quot;_ob_allow_hoveranimator&quot;:&quot;no&quot;}\" data-widget_type=\"heading.default\">\n\t\t\t\t<div class=\"elementor-widget-container\">\n\t\t\t\t\t<h2 class=\"elementor-heading-title elementor-size-default\">Cuadro de mandos Or\u00edgenes Storymap<\/h2>\t\t\t\t<\/div>\n\t\t\t\t<\/div>\n\t\t\t\t<div class=\"elementor-element elementor-element-e9ea322 ob-harakiri-inherit ob-has-background-overlay elementor-widget elementor-widget-text-editor\" data-id=\"e9ea322\" data-element_type=\"widget\" data-e-type=\"widget\" data-settings=\"{&quot;_ob_use_harakiri&quot;:&quot;yes&quot;,&quot;_ob_harakiri_writing_mode&quot;:&quot;inherit&quot;,&quot;_ob_postman_use&quot;:&quot;no&quot;,&quot;_ob_widget_stalker_use&quot;:&quot;no&quot;,&quot;_ob_poopart_use&quot;:&quot;yes&quot;,&quot;_ob_shadough_use&quot;:&quot;no&quot;,&quot;_ob_allow_hoveranimator&quot;:&quot;no&quot;}\" data-widget_type=\"text-editor.default\">\n\t\t\t\t<div class=\"elementor-widget-container\">\n\t\t\t\t\t\t\t\t\t<p><span style=\"font-weight: 400;\">El Panel de p\u00e9rdidas y recuperaci\u00f3n realiza un seguimiento de la reconstrucci\u00f3n en curso tras el devastador incendio de Almeda de 2020. Esta es la historia de c\u00f3mo se cre\u00f3.<\/span><\/p>\n\t\t\t\t\t\t\t\t<\/div>\n\t\t\t\t<\/div>\n\t\t\t\t<div class=\"elementor-element elementor-element-1962447 ob-has-background-overlay elementor-widget elementor-widget-html\" data-id=\"1962447\" data-element_type=\"widget\" data-e-type=\"widget\" data-settings=\"{&quot;_ob_widget_stalker_use&quot;:&quot;no&quot;,&quot;_ob_poopart_use&quot;:&quot;yes&quot;,&quot;_ob_shadough_use&quot;:&quot;no&quot;,&quot;_ob_allow_hoveranimator&quot;:&quot;no&quot;}\" data-widget_type=\"html.default\">\n\t\t\t\t<div class=\"elementor-widget-container\">\n\t\t\t\t\t<iframe src=\"https:\/\/storymaps.arcgis.com\/stories\/16197b87171843bca1e5aa64d3d98831\" width=\"100%\" height=\"500px\" frameborder=\"0\" allowfullscreen=\"\" allow=\"geolocation\"><\/iframe>\t\t\t\t<\/div>\n\t\t\t\t<\/div>\n\t\t\t\t\t<\/div>\n\t\t<\/div>\n\t\t\t\t\t<\/div>\n\t\t<\/section>\n\t\t\t\t<\/div>\n\t\t","protected":false},"excerpt":{"rendered":"<p>Nuestros StoryMaps multimedia exploran el pasado, el presente y el futuro de nuestra recuperaci\u00f3n local, y los esfuerzos que estamos realizando para estar mejor preparados ante la pr\u00f3xima cat\u00e1strofe. Gracias a las funciones exclusivas del Cuadro de mando de p\u00e9rdidas y recuperaci\u00f3n tras incendios de Almeda, se pueden conocer mejor los datos, como patrones, relaciones [&hellip;]<\/p>\n","protected":false},"author":1,"featured_media":0,"parent":4343,"menu_order":2,"comment_status":"closed","ping_status":"open","template":"","meta":{"_acf_changed":false,"give_campaign_id":0,"footnotes":""},"class_list":["post-4283","page","type-page","status-publish","hentry"],"acf":[],"campaignId":"","_links":{"self":[{"href":"https:\/\/firebrandcollective.org\/es\/wp-json\/wp\/v2\/pages\/4283","targetHints":{"allow":["GET"]}}],"collection":[{"href":"https:\/\/firebrandcollective.org\/es\/wp-json\/wp\/v2\/pages"}],"about":[{"href":"https:\/\/firebrandcollective.org\/es\/wp-json\/wp\/v2\/types\/page"}],"author":[{"embeddable":true,"href":"https:\/\/firebrandcollective.org\/es\/wp-json\/wp\/v2\/users\/1"}],"replies":[{"embeddable":true,"href":"https:\/\/firebrandcollective.org\/es\/wp-json\/wp\/v2\/comments?post=4283"}],"version-history":[{"count":5,"href":"https:\/\/firebrandcollective.org\/es\/wp-json\/wp\/v2\/pages\/4283\/revisions"}],"predecessor-version":[{"id":5266,"href":"https:\/\/firebrandcollective.org\/es\/wp-json\/wp\/v2\/pages\/4283\/revisions\/5266"}],"up":[{"embeddable":true,"href":"https:\/\/firebrandcollective.org\/es\/wp-json\/wp\/v2\/pages\/4343"}],"wp:attachment":[{"href":"https:\/\/firebrandcollective.org\/es\/wp-json\/wp\/v2\/media?parent=4283"}],"curies":[{"name":"wp","href":"https:\/\/api.w.org\/{rel}","templated":true}]}}