{"id":4341,"date":"2022-04-29T19:18:51","date_gmt":"2022-04-29T19:18:51","guid":{"rendered":"https:\/\/firebrandcollective.org\/origenes-historia-del-cuadro-de-mando-de-recuperacion\/"},"modified":"2023-10-22T22:01:14","modified_gmt":"2023-10-22T22:01:14","slug":"origenes-historia-del-cuadro-de-mando-de-recuperacion","status":"publish","type":"page","link":"http:\/\/firebrandcollective.org\/es\/proyecto-de-perdidas-y-recuperacion-tras-el-incendio-de-almeda\/origenes-historia-del-cuadro-de-mando-de-recuperacion\/","title":{"rendered":"Participaci\u00f3n comunitaria inclusiva"},"content":{"rendered":"\t\t<div data-elementor-type=\"wp-page\" data-elementor-id=\"4341\" class=\"elementor elementor-4341 elementor-2365\" data-elementor-post-type=\"page\">\n\t\t\t\t<div class=\"elementor-element elementor-element-8faf60d e-flex e-con-boxed e-con e-parent\" data-id=\"8faf60d\" data-element_type=\"container\" data-e-type=\"container\" data-settings=\"{&quot;_ob_use_container_extras&quot;:&quot;no&quot;,&quot;_ob_column_hoveranimator&quot;:&quot;no&quot;,&quot;_ob_glider_is_slider&quot;:&quot;no&quot;,&quot;_ob_column_has_pseudo&quot;:&quot;no&quot;}\">\n\t\t\t\t\t<div class=\"e-con-inner\">\n\t\t\t\t<div class=\"elementor-element elementor-element-91640a9 ob-harakiri-inherit ob-has-background-overlay elementor-widget elementor-widget-heading\" data-id=\"91640a9\" data-element_type=\"widget\" data-e-type=\"widget\" data-settings=\"{&quot;_ob_use_harakiri&quot;:&quot;yes&quot;,&quot;_ob_harakiri_writing_mode&quot;:&quot;inherit&quot;,&quot;_ob_harakiri_text_clip&quot;:&quot;none&quot;,&quot;_ob_widget_stalker_use&quot;:&quot;no&quot;,&quot;_ob_poopart_use&quot;:&quot;yes&quot;,&quot;_ob_shadough_use&quot;:&quot;no&quot;,&quot;_ob_allow_hoveranimator&quot;:&quot;no&quot;}\" data-widget_type=\"heading.default\">\n\t\t\t\t<div class=\"elementor-widget-container\">\n\t\t\t\t\t<h2 class=\"elementor-heading-title elementor-size-default\">Participaci\u00f3n comunitaria inclusiva<\/h2>\t\t\t\t<\/div>\n\t\t\t\t<\/div>\n\t\t\t\t<div class=\"elementor-element elementor-element-f0a55c7 ob-harakiri-inherit ob-has-background-overlay elementor-widget elementor-widget-text-editor\" data-id=\"f0a55c7\" data-element_type=\"widget\" data-e-type=\"widget\" data-settings=\"{&quot;_ob_use_harakiri&quot;:&quot;yes&quot;,&quot;_ob_harakiri_writing_mode&quot;:&quot;inherit&quot;,&quot;_ob_postman_use&quot;:&quot;no&quot;,&quot;_ob_widget_stalker_use&quot;:&quot;no&quot;,&quot;_ob_poopart_use&quot;:&quot;yes&quot;,&quot;_ob_shadough_use&quot;:&quot;no&quot;,&quot;_ob_allow_hoveranimator&quot;:&quot;no&quot;}\" data-widget_type=\"text-editor.default\">\n\t\t\t\t<div class=\"elementor-widget-container\">\n\t\t\t\t\t\t\t\t\t<p><span style=\"font-weight: 400;\">Nuestro <a href=\"https:\/\/firebrandcollective.org\/loss-and-recovery-project\/\">Proyecto de P\u00e9rdida y Recuperaci\u00f3n<\/a> apoya la recuperaci\u00f3n y resiliencia general de la comunidad mediante un compromiso comunitario m\u00e1s profundo e integrador. Aunque aprovechamos al m\u00e1ximo las innovaciones disponibles a trav\u00e9s de las nuevas tecnolog\u00edas, como la cartograf\u00eda interactiva y los chats basados en texto, tambi\u00e9n salvamos la brecha digital mediante el sondeo tradicional en los barrios, con encuestas en papel e incentivos a la participaci\u00f3n, entrevistas individuales y presencia en eventos.  <\/span><\/p>\n<p><span style=\"font-weight: 400;\">En los \u00faltimos dos a\u00f1os, FRC ha apoyado una serie de esfuerzos de planificaci\u00f3n cr\u00edticos, incluyendo <a href=\"https:\/\/www.roguereimagined.org\/\" target=\"_blank\" rel=\"noopener\">Rogue Reimagined<\/a>, <a href=\"https:\/\/envisionbearcreek.com\/\" target=\"_blank\" rel=\"noopener\">Envision Bear Creek<\/a>, nuestra evaluaci\u00f3n de las necesidades de la comunidad despu\u00e9s del incendio, y el esfuerzo de rezonificaci\u00f3n de la <a href=\"https:\/\/hwy99-bear-creek-vision.squarespace.com\/\" target=\"_blank\" rel=\"noopener\">autopista 99 Transporte Plan de Gesti\u00f3n del Crecimiento<\/a>. Nuestro equipo ha conseguido aumentar el compromiso c\u00edvico con poblaciones hist\u00f3ricamente infrarrepresentadas y marginadas, y profundizar en las posibilidades de colaboraci\u00f3n entre organizaciones p\u00fablicas, privadas y sin \u00e1nimo de lucro.<\/span><\/p>\n<p><span style=\"font-weight: 400;\">Al incluir a nuestra comunidad y aprovechar nuestras relaciones con ella para proporcionar informaci\u00f3n cualitativa y cuantitativa vital, nuestro objetivo es agilizar el compromiso de los organismos que sopesan la mejor manera de gastar el dinero de la recuperaci\u00f3n e informar sobre un proceso de recuperaci\u00f3n y preparaci\u00f3n m\u00e1s hol\u00edstico y equitativo.<\/span><\/p>\n\t\t\t\t\t\t\t\t<\/div>\n\t\t\t\t<\/div>\n\t\t\t\t\t<\/div>\n\t\t\t\t<\/div>\n\t\t\t\t<\/div>\n\t\t","protected":false},"excerpt":{"rendered":"<p>Participaci\u00f3n comunitaria inclusiva Nuestro Proyecto de P\u00e9rdida y Recuperaci\u00f3n apoya la recuperaci\u00f3n y resiliencia general de la comunidad mediante un compromiso comunitario m\u00e1s profundo e integrador. Aunque aprovechamos al m\u00e1ximo las innovaciones disponibles a trav\u00e9s de las nuevas tecnolog\u00edas, como la cartograf\u00eda interactiva y los chats basados en texto, tambi\u00e9n salvamos la brecha digital mediante [&hellip;]<\/p>\n","protected":false},"author":2,"featured_media":0,"parent":4343,"menu_order":3,"comment_status":"closed","ping_status":"closed","template":"","meta":{"_acf_changed":false,"give_campaign_id":0,"footnotes":""},"class_list":["post-4341","page","type-page","status-publish","hentry"],"acf":[],"campaignId":"","_links":{"self":[{"href":"http:\/\/firebrandcollective.org\/es\/wp-json\/wp\/v2\/pages\/4341","targetHints":{"allow":["GET"]}}],"collection":[{"href":"http:\/\/firebrandcollective.org\/es\/wp-json\/wp\/v2\/pages"}],"about":[{"href":"http:\/\/firebrandcollective.org\/es\/wp-json\/wp\/v2\/types\/page"}],"author":[{"embeddable":true,"href":"http:\/\/firebrandcollective.org\/es\/wp-json\/wp\/v2\/users\/2"}],"replies":[{"embeddable":true,"href":"http:\/\/firebrandcollective.org\/es\/wp-json\/wp\/v2\/comments?post=4341"}],"version-history":[{"count":7,"href":"http:\/\/firebrandcollective.org\/es\/wp-json\/wp\/v2\/pages\/4341\/revisions"}],"predecessor-version":[{"id":5270,"href":"http:\/\/firebrandcollective.org\/es\/wp-json\/wp\/v2\/pages\/4341\/revisions\/5270"}],"up":[{"embeddable":true,"href":"http:\/\/firebrandcollective.org\/es\/wp-json\/wp\/v2\/pages\/4343"}],"wp:attachment":[{"href":"http:\/\/firebrandcollective.org\/es\/wp-json\/wp\/v2\/media?parent=4341"}],"curies":[{"name":"wp","href":"https:\/\/api.w.org\/{rel}","templated":true}]}}